{"id":10140,"date":"2025-03-27T07:16:59","date_gmt":"2025-03-27T07:16:59","guid":{"rendered":"https:\/\/immortalnutrition.eu\/?page_id=10140"},"modified":"2025-03-27T10:03:48","modified_gmt":"2025-03-27T10:03:48","slug":"international-shipping","status":"publish","type":"page","link":"https:\/\/immortalnutrition.eu\/pl\/international-shipping\/","title":{"rendered":"Wysy\u0142ka zagraniczna"},"content":{"rendered":"<div data-elementor-type=\"wp-page\" data-elementor-id=\"10140\" class=\"elementor elementor-10140\" data-elementor-post-type=\"page\">\n\t\t\t\t<div class=\"elementor-element elementor-element-814a9c4 e-flex e-con-boxed e-con e-parent\" data-id=\"814a9c4\" data-element_type=\"container\" data-e-type=\"container\">\n\t\t\t\t\t<div class=\"e-con-inner\">\n\t\t\t\t<div class=\"elementor-element elementor-element-a87526a elementor-invisible elementor-widget elementor-widget-heading\" data-id=\"a87526a\" data-element_type=\"widget\" data-e-type=\"widget\" data-settings=\"{&quot;_animation&quot;:&quot;fadeInLeft&quot;}\" data-widget_type=\"heading.default\">\n\t\t\t\t<div class=\"elementor-widget-container\">\n\t\t\t\t\t<h2 class=\"elementor-heading-title elementor-size-default\">Wysy\u0142ka zagraniczna<\/h2>\t\t\t\t<\/div>\n\t\t\t\t<\/div>\n\t\t\t\t<div class=\"elementor-element elementor-element-0adc629 elementor-invisible elementor-widget elementor-widget-text-editor\" data-id=\"0adc629\" data-element_type=\"widget\" data-e-type=\"widget\" data-settings=\"{&quot;_animation&quot;:&quot;fadeInRight&quot;}\" data-widget_type=\"text-editor.default\">\n\t\t\t\t<div class=\"elementor-widget-container\">\n\t\t\t\t\t\t\t\t\t<p class=\"\" data-start=\"271\" data-end=\"552\">Oferujemy wysy\u0142k\u0119 do wielu kraj\u00f3w na ca\u0142ym \u015bwiecie. Koszty dostawy s\u0105 uzale\u017cnione od kraju docelowego oraz wybranej metody wysy\u0142ki. Szczeg\u00f3\u0142owe informacje znajduj\u0105 si\u0119 w poni\u017cszej tabeli. Dok\u0142adna cena dostawy zostanie obliczona automatycznie w koszyku po wybraniu kraju dostawy.<\/p>\t\t\t\t\t\t\t\t<\/div>\n\t\t\t\t<\/div>\n\t\t\t\t<div class=\"elementor-element elementor-element-866f0df elementor-invisible elementor-widget elementor-widget-heading\" data-id=\"866f0df\" data-element_type=\"widget\" data-e-type=\"widget\" data-settings=\"{&quot;_animation&quot;:&quot;fadeInLeft&quot;}\" data-widget_type=\"heading.default\">\n\t\t\t\t<div class=\"elementor-widget-container\">\n\t\t\t\t\t<h2 class=\"elementor-heading-title elementor-size-default\">Czas realizacji<\/h2>\t\t\t\t<\/div>\n\t\t\t\t<\/div>\n\t\t\t\t<div class=\"elementor-element elementor-element-8cefe30 elementor-invisible elementor-widget elementor-widget-text-editor\" data-id=\"8cefe30\" data-element_type=\"widget\" data-e-type=\"widget\" data-settings=\"{&quot;_animation&quot;:&quot;fadeInRight&quot;}\" data-widget_type=\"text-editor.default\">\n\t\t\t\t<div class=\"elementor-widget-container\">\n\t\t\t\t\t\t\t\t\t<p class=\"\" data-start=\"271\" data-end=\"552\">Zam\u00f3wienia s\u0105 zazwyczaj realizowane w ci\u0105gu 1-2 dni roboczych. Czas dostawy zale\u017cy od wybranego kraju.<\/p>\t\t\t\t\t\t\t\t<\/div>\n\t\t\t\t<\/div>\n\t\t\t\t<div class=\"elementor-element elementor-element-5e7a41d elementor-invisible elementor-widget elementor-widget-heading\" data-id=\"5e7a41d\" data-element_type=\"widget\" data-e-type=\"widget\" data-settings=\"{&quot;_animation&quot;:&quot;fadeInLeft&quot;}\" data-widget_type=\"heading.default\">\n\t\t\t\t<div class=\"elementor-widget-container\">\n\t\t\t\t\t<h2 class=\"elementor-heading-title elementor-size-default\">\u015aledzenie przesy\u0142ki<\/h2>\t\t\t\t<\/div>\n\t\t\t\t<\/div>\n\t\t\t\t<div class=\"elementor-element elementor-element-2553dbb elementor-invisible elementor-widget elementor-widget-text-editor\" data-id=\"2553dbb\" data-element_type=\"widget\" data-e-type=\"widget\" data-settings=\"{&quot;_animation&quot;:&quot;fadeInRight&quot;}\" data-widget_type=\"text-editor.default\">\n\t\t\t\t<div class=\"elementor-widget-container\">\n\t\t\t\t\t\t\t\t\t<p class=\"\" data-start=\"271\" data-end=\"552\">Po nadaniu zam\u00f3wienia otrzymasz numer \u015bledzenia, dzi\u0119ki kt\u00f3remu mo\u017cesz na bie\u017c\u0105co sprawdza\u0107 status swojej przesy\u0142ki.<\/p>\t\t\t\t\t\t\t\t<\/div>\n\t\t\t\t<\/div>\n\t\t\t\t<div class=\"elementor-element elementor-element-1f573bd elementor-widget elementor-widget-tablepress-table\" data-id=\"1f573bd\" data-element_type=\"widget\" data-e-type=\"widget\" data-widget_type=\"tablepress-table.default\">\n\t\t\t\t\t\n<table id=\"tablepress-70\" class=\"tablepress tablepress-id-70\">\n<tbody class=\"row-striping\">\n<tr class=\"row-1\">\n\t<td class=\"column-1\"><b>Kraj dostawy<\/b><\/td><td class=\"column-2\"><b><div style=\"text-align: center;\">Przewidywany czas dostawy<\/div><\/b><\/td><td class=\"column-3\"><b><div style=\"text-align: center;\">Koszt dostawy<\/div><\/b><\/td>\n<\/tr>\n<tr class=\"row-2\">\n\t<td class=\"column-1\"><b>Austria<\/b><\/td><td class=\"column-2\"><div style=\"text-align: center;\">3 dni<\/div><\/td><td class=\"column-3\"><div style=\"text-align: center;\">9,40 \u20ac<\/div><\/td>\n<\/tr>\n<tr class=\"row-3\">\n\t<td class=\"column-1\"><b>Belgia<\/b><\/td><td class=\"column-2\"><div style=\"text-align: center;\">2 dni<\/div><\/td><td class=\"column-3\"><div style=\"text-align: center;\">9,40 \u20ac<\/div><\/td>\n<\/tr>\n<tr class=\"row-4\">\n\t<td class=\"column-1\"><b>Bu\u0142garia<\/b><\/td><td class=\"column-2\"><div style=\"text-align: center;\">4 dni<\/div><\/td><td class=\"column-3\"><div style=\"text-align: center;\">16,20 \u20ac<\/div><\/td>\n<\/tr>\n<tr class=\"row-5\">\n\t<td class=\"column-1\"><b>Chorwacja<\/b><\/td><td class=\"column-2\"><div style=\"text-align: center;\">4 dni<\/div><\/td><td class=\"column-3\"><div style=\"text-align: center;\">24,10 \u20ac<\/div><\/td>\n<\/tr>\n<tr class=\"row-6\">\n\t<td class=\"column-1\"><b>Czechy<\/b><\/td><td class=\"column-2\"><div style=\"text-align: center;\">2 dni<\/div><\/td><td class=\"column-3\"><div style=\"text-align: center;\">7,00 \u20ac<\/div><\/td>\n<\/tr>\n<tr class=\"row-7\">\n\t<td class=\"column-1\"><b>Dania<\/b><\/td><td class=\"column-2\"><div style=\"text-align: center;\">3 dni<\/div><\/td><td class=\"column-3\"><div style=\"text-align: center;\">16,20 \u20ac<\/div><\/td>\n<\/tr>\n<tr class=\"row-8\">\n\t<td class=\"column-1\"><b>Estonia<\/b><\/td><td class=\"column-2\"><div style=\"text-align: center;\">2 dni<\/div><\/td><td class=\"column-3\"><div style=\"text-align: center;\">9,40 \u20ac<\/div><\/td>\n<\/tr>\n<tr class=\"row-9\">\n\t<td class=\"column-1\"><b>Finlandia<\/b><\/td><td class=\"column-2\"><div style=\"text-align: center;\">4 dni<\/div><\/td><td class=\"column-3\"><div style=\"text-align: center;\">24,10 \u20ac<\/div><\/td>\n<\/tr>\n<tr class=\"row-10\">\n\t<td class=\"column-1\"><b>Francja<\/b><\/td><td class=\"column-2\"><div style=\"text-align: center;\">3 dni<\/div><\/td><td class=\"column-3\"><div style=\"text-align: center;\">16,20 \u20ac<\/div><\/td>\n<\/tr>\n<tr class=\"row-11\">\n\t<td class=\"column-1\"><b>Niemcy<\/b><\/td><td class=\"column-2\"><div style=\"text-align: center;\">2 dni<\/div><\/td><td class=\"column-3\"><div style=\"text-align: center;\">5,15 \u20ac<\/div><\/td>\n<\/tr>\n<tr class=\"row-12\">\n\t<td class=\"column-1\"><b>W\u0119gry<\/b><\/td><td class=\"column-2\"><div style=\"text-align: center;\">2 dni<\/div><\/td><td class=\"column-3\"><div style=\"text-align: center;\">7,00 \u20ac<\/div><\/td>\n<\/tr>\n<tr class=\"row-13\">\n\t<td class=\"column-1\"><b>Irlandia<\/b><\/td><td class=\"column-2\"><div style=\"text-align: center;\">4 dni<\/div><\/td><td class=\"column-3\"><div style=\"text-align: center;\">24,10 \u20ac<\/div><\/td>\n<\/tr>\n<tr class=\"row-14\">\n\t<td class=\"column-1\"><b>W\u0142ochy<\/b><\/td><td class=\"column-2\"><div style=\"text-align: center;\">4 dni<\/div><\/td><td class=\"column-3\"><div style=\"text-align: center;\">16,20 \u20ac<\/div><\/td>\n<\/tr>\n<tr class=\"row-15\">\n\t<td class=\"column-1\"><b>\u0141otwa<\/b><\/td><td class=\"column-2\"><div style=\"text-align: center;\">2 dni<\/div><\/td><td class=\"column-3\"><div style=\"text-align: center;\">7,00 \u20ac<\/div><\/td>\n<\/tr>\n<tr class=\"row-16\">\n\t<td class=\"column-1\"><b>Litwa<\/b><\/td><td class=\"column-2\"><div style=\"text-align: center;\">2 dni<\/div><\/td><td class=\"column-3\"><div style=\"text-align: center;\">7,00 \u20ac<\/div><\/td>\n<\/tr>\n<tr class=\"row-17\">\n\t<td class=\"column-1\"><b>Luksemburg<\/b><\/td><td class=\"column-2\"><div style=\"text-align: center;\">2 dni<\/div><\/td><td class=\"column-3\"><div style=\"text-align: center;\">9,40 \u20ac<\/div><\/td>\n<\/tr>\n<tr class=\"row-18\">\n\t<td class=\"column-1\"><b>Holandia<\/b><\/td><td class=\"column-2\"><div style=\"text-align: center;\">2 dni<\/div><\/td><td class=\"column-3\"><div style=\"text-align: center;\">9,40 \u20ac<\/div><\/td>\n<\/tr>\n<tr class=\"row-19\">\n\t<td class=\"column-1\"><b>Portugalia<\/b><\/td><td class=\"column-2\"><div style=\"text-align: center;\">4 dni<\/div><\/td><td class=\"column-3\"><div style=\"text-align: center;\">24,10 \u20ac<\/div><\/td>\n<\/tr>\n<tr class=\"row-20\">\n\t<td class=\"column-1\"><b>Rumunia<\/b><\/td><td class=\"column-2\"><div style=\"text-align: center;\">3 dni<\/div><\/td><td class=\"column-3\"><div style=\"text-align: center;\">16,20 \u20ac<\/div><\/td>\n<\/tr>\n<tr class=\"row-21\">\n\t<td class=\"column-1\"><b>S\u0142owacja<\/b><\/td><td class=\"column-2\"><div style=\"text-align: center;\">2 dni<\/div><\/td><td class=\"column-3\"><div style=\"text-align: center;\">7,00 \u20ac<\/div><\/td>\n<\/tr>\n<tr class=\"row-22\">\n\t<td class=\"column-1\"><b>S\u0142owenia<\/b><\/td><td class=\"column-2\"><div style=\"text-align: center;\">4 dni<\/div><\/td><td class=\"column-3\"><div style=\"text-align: center;\">9,40 \u20ac<\/div><\/td>\n<\/tr>\n<tr class=\"row-23\">\n\t<td class=\"column-1\"><b>Hiszpania<\/b><\/td><td class=\"column-2\"><div style=\"text-align: center;\">4 dni<\/div><\/td><td class=\"column-3\"><div style=\"text-align: center;\">24,10 \u20ac<\/div><\/td>\n<\/tr>\n<tr class=\"row-24\">\n\t<td class=\"column-1\"><b>Szwecja<\/b><\/td><td class=\"column-2\"><div style=\"text-align: center;\">3 dni<\/div><\/td><td class=\"column-3\"><div style=\"text-align: center;\">24,10 \u20ac<\/div><\/td>\n<\/tr>\n<\/tbody>\n<\/table>\n<!-- #tablepress-70 from cache -->\t\t\t\t<\/div>\n\t\t\t\t\t<\/div>\n\t\t\t\t<\/div>\n\t\t\t\t<\/div>","protected":false},"excerpt":{"rendered":"<p>International Shipping We offer shipping to many countries worldwide. Delivery costs depend on the destination country and the selected shipping method. Detailed rates are listed in the table below. The exact shipping cost will be automatically calculated in your cart after you select your delivery country. Processing Time Orders are typically processed within 1\u20132 business days. Delivery time may vary depending on the destination and the carrier. Order Tracking Once your order has been shipped, you\u2019ll receive a tracking number so you can monitor your shipment at any time. Edit Delivery Country Estimated delivery time Delivery cost Austria 3 days&#8230;<\/p>","protected":false},"author":1,"featured_media":0,"parent":0,"menu_order":0,"comment_status":"closed","ping_status":"closed","template":"","meta":{"_acf_changed":false,"inline_featured_image":false,"footnotes":""},"class_list":["post-10140","page","type-page","status-publish","hentry"],"acf":[],"_links":{"self":[{"href":"https:\/\/immortalnutrition.eu\/pl\/wp-json\/wp\/v2\/pages\/10140","targetHints":{"allow":["GET"]}}],"collection":[{"href":"https:\/\/immortalnutrition.eu\/pl\/wp-json\/wp\/v2\/pages"}],"about":[{"href":"https:\/\/immortalnutrition.eu\/pl\/wp-json\/wp\/v2\/types\/page"}],"author":[{"embeddable":true,"href":"https:\/\/immortalnutrition.eu\/pl\/wp-json\/wp\/v2\/users\/1"}],"replies":[{"embeddable":true,"href":"https:\/\/immortalnutrition.eu\/pl\/wp-json\/wp\/v2\/comments?post=10140"}],"version-history":[{"count":20,"href":"https:\/\/immortalnutrition.eu\/pl\/wp-json\/wp\/v2\/pages\/10140\/revisions"}],"predecessor-version":[{"id":10223,"href":"https:\/\/immortalnutrition.eu\/pl\/wp-json\/wp\/v2\/pages\/10140\/revisions\/10223"}],"wp:attachment":[{"href":"https:\/\/immortalnutrition.eu\/pl\/wp-json\/wp\/v2\/media?parent=10140"}],"curies":[{"name":"wp","href":"https:\/\/api.w.org\/{rel}","templated":true}]}}