{"id":11148,"date":"2025-06-17T10:55:33","date_gmt":"2025-06-17T10:55:33","guid":{"rendered":"https:\/\/immortalnutrition.eu\/?page_id=11148"},"modified":"2025-06-17T11:01:20","modified_gmt":"2025-06-17T11:01:20","slug":"cookie-policy","status":"publish","type":"page","link":"https:\/\/immortalnutrition.eu\/pl\/cookie-policy\/","title":{"rendered":"Polityka Plik\u00f3w Cookies"},"content":{"rendered":"<div data-elementor-type=\"wp-page\" data-elementor-id=\"11148\" class=\"elementor elementor-11148\" data-elementor-post-type=\"page\">\n\t\t\t\t<div class=\"elementor-element elementor-element-241a116 e-flex e-con-boxed e-con e-parent\" data-id=\"241a116\" data-element_type=\"container\" data-e-type=\"container\">\n\t\t\t\t\t<div class=\"e-con-inner\">\n\t\t\t\t<div class=\"elementor-element elementor-element-93f5c8b elementor-widget elementor-widget-heading\" data-id=\"93f5c8b\" data-element_type=\"widget\" data-e-type=\"widget\" data-widget_type=\"heading.default\">\n\t\t\t\t<div class=\"elementor-widget-container\">\n\t\t\t\t\t<h2 class=\"elementor-heading-title elementor-size-default\">Polityka plik\u00f3w cookies<\/h2>\t\t\t\t<\/div>\n\t\t\t\t<\/div>\n\t\t\t\t\t<\/div>\n\t\t\t\t<\/div>\n\t\t<div class=\"elementor-element elementor-element-f1f859b e-flex e-con-boxed e-con e-parent\" data-id=\"f1f859b\" data-element_type=\"container\" data-e-type=\"container\">\n\t\t\t\t\t<div class=\"e-con-inner\">\n\t\t\t\t<div class=\"elementor-element elementor-element-030b108 elementor-widget elementor-widget-text-editor\" data-id=\"030b108\" data-element_type=\"widget\" data-e-type=\"widget\" data-widget_type=\"text-editor.default\">\n\t\t\t\t<div class=\"elementor-widget-container\">\n\t\t\t\t\t\t\t\t\t<p class=\"translation-block\">1. Administrator wykorzystuje pliki cookies (ciasteczka), czyli niewielkie informacje tekstowe, przechowywane na urz\u0105dzeniu ko\u0144cowym U\u017cytkownika (np. komputerze, tablecie, smartfonie). Cookies mog\u0105 by\u0107 odczytywane przez system teleinformatyczny Administratora.<\/p>\t\t\t\t\t\t\t\t<\/div>\n\t\t\t\t<\/div>\n\t\t\t\t<div class=\"elementor-element elementor-element-e4c3dac elementor-widget elementor-widget-text-editor\" data-id=\"e4c3dac\" data-element_type=\"widget\" data-e-type=\"widget\" data-widget_type=\"text-editor.default\">\n\t\t\t\t<div class=\"elementor-widget-container\">\n\t\t\t\t\t\t\t\t\t<p>2. Administrator przechowuje pliki cookies na urz\u0105dzeniu ko\u0144cowym U\u017cytkownika, a nast\u0119pnie uzyskuje dost\u0119p do informacji w nich zawartych w celach:<\/p><p>- tworzenia statystyk, kt\u00f3re pomagaj\u0105 zrozumie\u0107, w jaki spos\u00f3b U\u017cytkownicy korzystaj\u0105 ze stron internetowych, co umo\u017cliwia ulepszanie ich struktury i zawarto\u015bci;<\/p><p>- marketingowych (remarketing);<\/p><p>- okre\u015blania profilu U\u017cytkownika w celu wy\u015bwietlania mu dopasowanych materia\u0142\u00f3w w sieciach reklamowych, w szczeg\u00f3lno\u015bci sieci Google;<\/p><p>- zapewnienia prawid\u0142owego dzia\u0142ania Sklepu.<\/p>\t\t\t\t\t\t\t\t<\/div>\n\t\t\t\t<\/div>\n\t\t\t\t<div class=\"elementor-element elementor-element-d22fe83 elementor-widget elementor-widget-text-editor\" data-id=\"d22fe83\" data-element_type=\"widget\" data-e-type=\"widget\" data-widget_type=\"text-editor.default\">\n\t\t\t\t<div class=\"elementor-widget-container\">\n\t\t\t\t\t\t\t\t\t<p>3. Istnieje mo\u017cliwo\u015b\u0107 takiej konfiguracji przegl\u0105darki internetowej przez U\u017cytkownika, kt\u00f3ra uniemo\u017cliwia przechowywanie plik\u00f3w cookies na urz\u0105dzeniu ko\u0144cowym. Jednak, w takiej sytuacji, korzystanie ze strony internetowej przez U\u017cytkownika mo\u017ce by\u0107 utrudnione.<\/p>\t\t\t\t\t\t\t\t<\/div>\n\t\t\t\t<\/div>\n\t\t\t\t<div class=\"elementor-element elementor-element-fec70b1 elementor-widget elementor-widget-text-editor\" data-id=\"fec70b1\" data-element_type=\"widget\" data-e-type=\"widget\" data-widget_type=\"text-editor.default\">\n\t\t\t\t<div class=\"elementor-widget-container\">\n\t\t\t\t\t\t\t\t\t<p>4. Pliki cookies mog\u0105 by\u0107 przez U\u017cytkownika usuni\u0119te po ich zapisaniu poprzez odpowiednie funkcje przegl\u0105darki internetowej, programy s\u0142u\u017c\u0105ce w tym celu lub skorzystanie z odpowiednich narz\u0119dzi dost\u0119pnych w ramach systemu operacyjnego, z kt\u00f3rego korzysta U\u017cytkownik.<\/p>\t\t\t\t\t\t\t\t<\/div>\n\t\t\t\t<\/div>\n\t\t\t\t<div class=\"elementor-element elementor-element-ca185dc elementor-widget elementor-widget-text-editor\" data-id=\"ca185dc\" data-element_type=\"widget\" data-e-type=\"widget\" data-widget_type=\"text-editor.default\">\n\t\t\t\t<div class=\"elementor-widget-container\">\n\t\t\t\t\t\t\t\t\t<p>5. Pod tymi linkami zamieszczone s\u0105 informacje o sposobach usuni\u0119cia cookies w najpopularniejszych przegl\u0105darkach internetowych:<\/p><p>&#8211; Firefox: <a href=\"http:\/\/support.mozilla.org\/pl\/kb\/usuwanie-ciasteczek\" target=\"_blank\" rel=\"noopener\">http:\/\/support.mozilla.org\/pl\/kb\/usuwanie-ciasteczek<\/a>;<br \/>&#8211; Opera: <a href=\"http:\/\/help.opera.com\/Linux\/9.60\/pl\/cookies.html\" target=\"_blank\" rel=\"noopener\">http:\/\/help.opera.com\/Linux\/9.60\/pl\/cookies.html<\/a>;<br \/>&#8211; Internet Explorer: <a href=\"http:\/\/support.microsoft.com\/kb\/278835\/pl\" target=\"_blank\" rel=\"noopener\">http:\/\/support.microsoft.com\/kb\/278835\/pl<\/a>;<br \/>&#8211; Chrome: <a href=\"http:\/\/support.google.com\/chrome\/bin\/answer.py?hl=pl&amp;answer=95647\" target=\"_blank\" rel=\"noopener\">http:\/\/support.google.com\/chrome\/bin\/answer.py?hl=pl&amp;answer=95647<\/a>;<br \/>&#8211; Safari: <a href=\"http:\/\/support.apple.com\/kb\/HT1677?viewlocale=pl_PL\" target=\"_blank\" rel=\"noopener\">http:\/\/support.apple.com\/kb\/HT1677?viewlocale=pl_PL<\/a>.<\/p>\t\t\t\t\t\t\t\t<\/div>\n\t\t\t\t<\/div>\n\t\t\t\t\t<\/div>\n\t\t\t\t<\/div>\n\t\t\t\t<\/div>","protected":false},"excerpt":{"rendered":"<p>COOKIE POLICY 1. The Administrator uses cookies, which are small text files stored on the User\u2019s end device (e.g. computer, tablet, smartphone).Cookies may be read by the Administrator\u2019s IT system. 2. The Administrator stores cookies on the User\u2019s end device and subsequently accesses the information contained therein for the following purposes: &#8211; to create statistics that help understand how Users interact with the websites, which enables improvements to their structure and content; &#8211; for marketing purposes (remarketing); &#8211; to define the User&#8217;s profile in order to display tailored content within advertising networks, particularly the Google network; &#8211; to ensure the&#8230;<\/p>","protected":false},"author":1,"featured_media":0,"parent":0,"menu_order":0,"comment_status":"closed","ping_status":"closed","template":"","meta":{"_acf_changed":false,"inline_featured_image":false,"footnotes":""},"class_list":["post-11148","page","type-page","status-publish","hentry"],"acf":[],"_links":{"self":[{"href":"https:\/\/immortalnutrition.eu\/pl\/wp-json\/wp\/v2\/pages\/11148","targetHints":{"allow":["GET"]}}],"collection":[{"href":"https:\/\/immortalnutrition.eu\/pl\/wp-json\/wp\/v2\/pages"}],"about":[{"href":"https:\/\/immortalnutrition.eu\/pl\/wp-json\/wp\/v2\/types\/page"}],"author":[{"embeddable":true,"href":"https:\/\/immortalnutrition.eu\/pl\/wp-json\/wp\/v2\/users\/1"}],"replies":[{"embeddable":true,"href":"https:\/\/immortalnutrition.eu\/pl\/wp-json\/wp\/v2\/comments?post=11148"}],"version-history":[{"count":4,"href":"https:\/\/immortalnutrition.eu\/pl\/wp-json\/wp\/v2\/pages\/11148\/revisions"}],"predecessor-version":[{"id":11153,"href":"https:\/\/immortalnutrition.eu\/pl\/wp-json\/wp\/v2\/pages\/11148\/revisions\/11153"}],"wp:attachment":[{"href":"https:\/\/immortalnutrition.eu\/pl\/wp-json\/wp\/v2\/media?parent=11148"}],"curies":[{"name":"wp","href":"https:\/\/api.w.org\/{rel}","templated":true}]}}