{"id":15,"date":"2023-05-31T06:32:21","date_gmt":"2023-05-31T06:32:21","guid":{"rendered":"https:\/\/xstore.8theme.com\/elementor2\/sport\/?page_id=15"},"modified":"2025-04-14T10:36:39","modified_gmt":"2025-04-14T10:36:39","slug":"about-us","status":"publish","type":"page","link":"https:\/\/immortalnutrition.eu\/pl\/about-us\/","title":{"rendered":"O NAS"},"content":{"rendered":"<div data-elementor-type=\"wp-page\" data-elementor-id=\"15\" class=\"elementor elementor-15\" data-elementor-post-type=\"page\">\n\t\t\t\t<div class=\"elementor-element elementor-element-656f8e9 e-flex e-con-boxed e-con e-parent\" data-id=\"656f8e9\" data-element_type=\"container\" data-e-type=\"container\" data-settings=\"{&quot;background_background&quot;:&quot;classic&quot;}\">\n\t\t\t\t\t<div class=\"e-con-inner\">\n\t\t\t\t<div class=\"elementor-element elementor-element-4b040ae elementor-widget elementor-widget-heading\" data-id=\"4b040ae\" data-element_type=\"widget\" data-e-type=\"widget\" data-widget_type=\"heading.default\">\n\t\t\t\t<div class=\"elementor-widget-container\">\n\t\t\t\t\t<h2 class=\"elementor-heading-title elementor-size-default\">Nasza Historia<\/h2>\t\t\t\t<\/div>\n\t\t\t\t<\/div>\n\t\t\t\t<div class=\"elementor-element elementor-element-f4be418 elementor-widget elementor-widget-timeline-widget-addon\" data-id=\"f4be418\" data-element_type=\"widget\" data-e-type=\"widget\" data-widget_type=\"timeline-widget-addon.default\">\n\t\t\t\t<div class=\"elementor-widget-container\">\n\t\t\t\t\t<!-- ========= Timeline Widget Addon For Elementor 1.6.24 ========= -->\n<div id=\"twae-wrapper-f4be418\" class=\"twae-vertical twae-wrapper  twae-both-sided\">   \n    <div class=\"twae-start\"><\/div>    \n    <div id=\"twea-timeline-f4be418\" class=\"twae-timeline\" ><!-- Start of Story Repeater Content --><div id=\"story-33ae7b2\" class=\"twae-story twae-repeater-item twae-story-right twae-story-no-icon\"><!-- Story Label --><div class=\"twae-labels\"><div class=\"twae-label-big\">2012<\/div><\/div><!-- Story Icon --><div class=\"twae-icon\"><i aria-hidden=\"true\" class=\"far fa-clock\"><\/i><\/div><!-- Story Arrow --><div class=\"twae-arrow\"><\/div><!-- Start of Story Content --><div class=\"twae-content\"><!-- Story Title --><div class=\"twae-title\">Pocz\u0105tek Immortal Nutrition<\/div><!-- Story Image --><div class=\"twae-media large\"><img loading=\"lazy\" decoding=\"async\" width=\"1024\" height=\"1007\" src=\"https:\/\/immortalnutrition.eu\/wp-content\/uploads\/xstore\/xstore-placeholder-1024x1024.png\" class=\"attachment-large size-large lazyload lazyload-simple et-lazyload-fadeIn\" alt=\"\" sizes=\"auto, (max-width: 1024px) 100vw, 1024px\" data-src=\"https:\/\/immortalnutrition.eu\/wp-content\/uploads\/2025\/01\/18527176_1494332697285181_5484832342421991354_o-1-1024x1007.jpg\" data-srcset=\"https:\/\/immortalnutrition.eu\/wp-content\/uploads\/2025\/01\/18527176_1494332697285181_5484832342421991354_o-1-1024x1007.jpg 1024w, https:\/\/immortalnutrition.eu\/wp-content\/uploads\/2025\/01\/18527176_1494332697285181_5484832342421991354_o-1-300x295.jpg 300w, https:\/\/immortalnutrition.eu\/wp-content\/uploads\/2025\/01\/18527176_1494332697285181_5484832342421991354_o-1-768x756.jpg 768w, https:\/\/immortalnutrition.eu\/wp-content\/uploads\/2025\/01\/18527176_1494332697285181_5484832342421991354_o-1-600x590.jpg 600w, https:\/\/immortalnutrition.eu\/wp-content\/uploads\/2025\/01\/18527176_1494332697285181_5484832342421991354_o-1-10x10.jpg 10w, https:\/\/immortalnutrition.eu\/wp-content\/uploads\/2025\/01\/18527176_1494332697285181_5484832342421991354_o-1.jpg 1301w\" \/><\/div><!-- Story Description --><div class=\"twae-description\"><p>Immortal Nutrition powstaje z jasn\u0105 wizj\u0105 - tworzy\u0107 wysokiej jako\u015bci suplementy, dost\u0119pne dla ka\u017cdego, kto pasjonuje si\u0119 zdrowiem i sportem.<\/p><\/div><\/div><\/div><!-- Start of Story Repeater Content --><div id=\"story-2be7972\" class=\"twae-story twae-repeater-item twae-story-left twae-story-no-icon\"><!-- Story Label --><div class=\"twae-labels\"><div class=\"twae-label-big\">2013<\/div><\/div><!-- Story Icon --><div class=\"twae-icon\"><i aria-hidden=\"true\" class=\"far fa-clock\"><\/i><\/div><!-- Story Arrow --><div class=\"twae-arrow\"><\/div><!-- Start of Story Content --><div class=\"twae-content\"><!-- Story Title --><div class=\"twae-title\">Rozszerzenie dzia\u0142alno\u015bci E-commerce - start na Allegro<\/div><!-- Story Image --><div class=\"twae-media large\"><img loading=\"lazy\" decoding=\"async\" width=\"600\" height=\"150\" src=\"https:\/\/immortalnutrition.eu\/wp-content\/uploads\/elementor\/thumbs\/xstore-placeholder-qtxui3a4fi210pkhl3rggmliwhh5y9j29le8orfp48.png\" class=\"attachment-large size-large lazyload lazyload-simple et-lazyload-fadeIn\" alt=\"\" sizes=\"auto, (max-width: 600px) 100vw, 600px\" data-src=\"https:\/\/immortalnutrition.eu\/wp-content\/uploads\/2025\/02\/logo_czarne.jpg\" data-srcset=\"https:\/\/immortalnutrition.eu\/wp-content\/uploads\/2025\/02\/logo_czarne.jpg 600w, https:\/\/immortalnutrition.eu\/wp-content\/uploads\/2025\/02\/logo_czarne-300x75.jpg 300w, https:\/\/immortalnutrition.eu\/wp-content\/uploads\/2025\/02\/logo_czarne-10x3.jpg 10w\" \/><\/div><!-- Story Description --><div class=\"twae-description\"><p>Immortal Nutrition rozszerza swoj\u0105 dzia\u0142alno\u015b\u0107 i pojawia si\u0119 na Allegro, docieraj\u0105c do jeszcze szerszego grona klient\u00f3w. To krok milowy w rozwoju E-commerce sp\u00f3\u0142ki, kt\u00f3ry umo\u017cliwia dynamiczny wzrost sprzeda\u017cy i budowanie silnej pozycji na rynku suplement\u00f3w diety.<\/p><\/div><\/div><\/div><!-- Start of Story Repeater Content --><div id=\"story-71d4e16\" class=\"twae-story twae-repeater-item twae-story-right twae-story-no-icon\"><!-- Story Label --><div class=\"twae-labels\"><div class=\"twae-label-big\">2015<\/div><\/div><!-- Story Icon --><div class=\"twae-icon\"><i aria-hidden=\"true\" class=\"far fa-clock\"><\/i><\/div><!-- Story Arrow --><div class=\"twae-arrow\"><\/div><!-- Start of Story Content --><div class=\"twae-content\"><!-- Story Title --><div class=\"twae-title\">Pierwszy krok na scenie FIWE Expo<\/div><!-- Story Image --><div class=\"twae-media large\"><img loading=\"lazy\" decoding=\"async\" width=\"720\" height=\"720\" src=\"https:\/\/immortalnutrition.eu\/wp-content\/uploads\/xstore\/xstore-placeholder-10x10.png\" class=\"attachment-large size-large lazyload lazyload-simple et-lazyload-fadeIn\" alt=\"\" sizes=\"auto, (max-width: 720px) 100vw, 720px\" data-src=\"https:\/\/immortalnutrition.eu\/wp-content\/uploads\/2025\/04\/fiwe_2015.jpg\" data-srcset=\"https:\/\/immortalnutrition.eu\/wp-content\/uploads\/2025\/04\/fiwe_2015.jpg 720w, https:\/\/immortalnutrition.eu\/wp-content\/uploads\/2025\/04\/fiwe_2015-300x300.jpg 300w, https:\/\/immortalnutrition.eu\/wp-content\/uploads\/2025\/04\/fiwe_2015-150x150.jpg 150w, https:\/\/immortalnutrition.eu\/wp-content\/uploads\/2025\/04\/fiwe_2015-12x12.jpg 12w, https:\/\/immortalnutrition.eu\/wp-content\/uploads\/2025\/04\/fiwe_2015-600x600.jpg 600w, https:\/\/immortalnutrition.eu\/wp-content\/uploads\/2025\/04\/fiwe_2015-100x100.jpg 100w, https:\/\/immortalnutrition.eu\/wp-content\/uploads\/2025\/04\/fiwe_2015-10x10.jpg 10w\" \/><\/div><!-- Story Description --><div class=\"twae-description\"><p>Wychodzimy z cienia i prezentujemy nasze produkty na targach FIWE - nawi\u0105zuj\u0105c bezpo\u015bredni kontakt ze sportowcami, kulturystami, fanami treningu i ca\u0142\u0105 spo\u0142eczno\u015bci\u0105 \u015bwiata suplementacji.<\/p><\/div><\/div><\/div><!-- Start of Story Repeater Content --><div id=\"story-8d6b6d9\" class=\"twae-story twae-repeater-item twae-story-left twae-story-no-icon\"><!-- Story Label --><div class=\"twae-labels\"><div class=\"twae-label-big\">2016<\/div><\/div><!-- Story Icon --><div class=\"twae-icon\"><i aria-hidden=\"true\" class=\"far fa-clock\"><\/i><\/div><!-- Story Arrow --><div class=\"twae-arrow\"><\/div><!-- Start of Story Content --><div class=\"twae-content\"><!-- Story Title --><div class=\"twae-title\">Wyj\u015bcie na mi\u0119dzynarodow\u0105 scen\u0119 - FIBO<\/div><!-- Story Image --><div class=\"twae-media large\"><img loading=\"lazy\" decoding=\"async\" width=\"528\" height=\"528\" src=\"https:\/\/immortalnutrition.eu\/wp-content\/uploads\/xstore\/xstore-placeholder-10x10.png\" class=\"attachment-large size-large lazyload lazyload-simple et-lazyload-fadeIn\" alt=\"\" sizes=\"auto, (max-width: 528px) 100vw, 528px\" data-src=\"https:\/\/immortalnutrition.eu\/wp-content\/uploads\/2025\/04\/fibo_2016.png\" data-srcset=\"https:\/\/immortalnutrition.eu\/wp-content\/uploads\/2025\/04\/fibo_2016.png 528w, https:\/\/immortalnutrition.eu\/wp-content\/uploads\/2025\/04\/fibo_2016-300x300.png 300w, https:\/\/immortalnutrition.eu\/wp-content\/uploads\/2025\/04\/fibo_2016-150x150.png 150w, https:\/\/immortalnutrition.eu\/wp-content\/uploads\/2025\/04\/fibo_2016-12x12.png 12w, https:\/\/immortalnutrition.eu\/wp-content\/uploads\/2025\/04\/fibo_2016-100x100.png 100w, https:\/\/immortalnutrition.eu\/wp-content\/uploads\/2025\/04\/fibo_2016-10x10.png 10w\" \/><\/div><!-- Story Description --><div class=\"twae-description\"><p>Przekraczamy granice i pokazujemy Immortal Nutrition na targach FIBO - jednym z najwi\u0119kszych wydarze\u0144 bran\u017cy fitness na \u015bwiecie. To wa\u017cny krok w budowaniu naszej pozycji na rynku mi\u0119dzynarodowym.<\/p><\/div><\/div><\/div><!-- Start of Story Repeater Content --><div id=\"story-1bc08ce\" class=\"twae-story twae-repeater-item twae-story-right twae-story-no-icon\"><!-- Story Label --><div class=\"twae-labels\"><div class=\"twae-label-big\">2018<\/div><\/div><!-- Story Icon --><div class=\"twae-icon\"><i aria-hidden=\"true\" class=\"far fa-clock\"><\/i><\/div><!-- Story Arrow --><div class=\"twae-arrow\"><\/div><!-- Start of Story Content --><div class=\"twae-content\"><!-- Story Title --><div class=\"twae-title\">Rozszerzenie oferty i pierwszy rebranding<\/div><!-- Story Image --><div class=\"twae-media large\"><img loading=\"lazy\" decoding=\"async\" width=\"1024\" height=\"1024\" src=\"https:\/\/immortalnutrition.eu\/wp-content\/uploads\/xstore\/xstore-placeholder-10x10.png\" class=\"attachment-large size-large lazyload lazyload-simple et-lazyload-fadeIn\" alt=\"\" sizes=\"auto, (max-width: 1024px) 100vw, 1024px\" data-src=\"https:\/\/immortalnutrition.eu\/wp-content\/uploads\/2025\/04\/2018-1024x1024.png\" data-srcset=\"https:\/\/immortalnutrition.eu\/wp-content\/uploads\/2025\/04\/2018-1024x1024.png 1024w, https:\/\/immortalnutrition.eu\/wp-content\/uploads\/2025\/04\/2018-300x300.png 300w, https:\/\/immortalnutrition.eu\/wp-content\/uploads\/2025\/04\/2018-150x150.png 150w, https:\/\/immortalnutrition.eu\/wp-content\/uploads\/2025\/04\/2018-768x768.png 768w, https:\/\/immortalnutrition.eu\/wp-content\/uploads\/2025\/04\/2018-12x12.png 12w, https:\/\/immortalnutrition.eu\/wp-content\/uploads\/2025\/04\/2018-600x600.png 600w, https:\/\/immortalnutrition.eu\/wp-content\/uploads\/2025\/04\/2018-100x100.png 100w, https:\/\/immortalnutrition.eu\/wp-content\/uploads\/2025\/04\/2018-10x10.png 10w, https:\/\/immortalnutrition.eu\/wp-content\/uploads\/2025\/04\/2018.png 1106w\" \/><\/div><!-- Story Description --><div class=\"twae-description\"><p>Nasze portfolio ro\u015bnie o nowe, innowacyjne produkty. To w\u0142a\u015bnie wtedy rozpoczynamy wizualn\u0105 transformacj\u0119 marki - wprowadzaj\u0105c od\u015bwie\u017con\u0105 identyfikacj\u0119 graficzn\u0105, dostosowan\u0105 do nowoczesnych trend\u00f3w.<\/p><\/div><\/div><\/div><!-- Start of Story Repeater Content --><div id=\"story-d88b72e\" class=\"twae-story twae-repeater-item twae-story-left twae-story-no-icon\"><!-- Story Label --><div class=\"twae-labels\"><div class=\"twae-label-big\">2023<\/div><\/div><!-- Story Icon --><div class=\"twae-icon\"><i aria-hidden=\"true\" class=\"far fa-clock\"><\/i><\/div><!-- Story Arrow --><div class=\"twae-arrow\"><\/div><!-- Start of Story Content --><div class=\"twae-content\"><!-- Story Title --><div class=\"twae-title\">Nieustanny rozw\u00f3j i kolejna ewolucja wizerunku<\/div><!-- Story Image --><div class=\"twae-media large\"><img loading=\"lazy\" decoding=\"async\" width=\"600\" height=\"600\" src=\"https:\/\/immortalnutrition.eu\/wp-content\/uploads\/xstore\/xstore-placeholder-10x10.png\" class=\"attachment-large size-large lazyload lazyload-simple et-lazyload-fadeIn\" alt=\"\" sizes=\"auto, (max-width: 600px) 100vw, 600px\" data-src=\"https:\/\/immortalnutrition.eu\/wp-content\/uploads\/2025\/03\/whey.png\" data-srcset=\"https:\/\/immortalnutrition.eu\/wp-content\/uploads\/2025\/03\/whey.png 600w, https:\/\/immortalnutrition.eu\/wp-content\/uploads\/2025\/03\/whey-300x300.png 300w, https:\/\/immortalnutrition.eu\/wp-content\/uploads\/2025\/03\/whey-150x150.png 150w, https:\/\/immortalnutrition.eu\/wp-content\/uploads\/2025\/03\/whey-100x100.png 100w, https:\/\/immortalnutrition.eu\/wp-content\/uploads\/2025\/03\/whey-10x10.png 10w\" \/><\/div><!-- Story Description --><div class=\"twae-description\"><p>Immortal Nutrition nie zwalnia tempa. W d\u0105\u017ceniu do doskona\u0142o\u015bci dbamy o ka\u017cdy detal. Przechodzimy kolejny rebranding, udoskonalaj\u0105c wygl\u0105d naszych produkt\u00f3w, aby jeszcze lepiej wpisywa\u0107 si\u0119 w \u015bwiatowe trendy fitness i sprosta\u0107 oczekiwaniom coraz wi\u0119kszej spo\u0142eczno\u015bci wok\u00f3\u0142 marki.<\/p><\/div><\/div><\/div><\/div>\n    <div class=\"twae-end\"><\/div>\n    <\/div><style type=\"text\/css\">@media (max-width: 1024px){ .twae-wrapper{--tw-ybx-size: 80px !important;}}@media (max-width: 767px){ .twae-wrapper{--tw-ybx-size: 80px !important}}<\/style>\t\t\t\t<\/div>\n\t\t\t\t<\/div>\n\t\t\t\t\t<\/div>\n\t\t\t\t<\/div>\n\t\t\t\t<\/div>","protected":false},"excerpt":{"rendered":"<p>Our Story 2012The Beginning of Immortal Nutrition Immortal Nutrition is founded with a clear vision &#8211; to create high-quality, accessible supplements for everyone passionate about health and fitness. 2013Expanding into E-commerce on Allegro Immortal Nutrition expands its reach by launching on Allegro, opening up to an even wider audience. This milestone in the company\u2019s e-commerce journey allows for dynamic sales growth and helps strengthen our position in the dietary supplements market. 2015First Industry Exposure at FIWE Expo We step into the spotlight by presenting our products at the FIWE Expo, connecting directly with athletes, bodybuilders, fitness enthusiasts, and the entire&#8230;<\/p>","protected":false},"author":1,"featured_media":0,"parent":0,"menu_order":0,"comment_status":"closed","ping_status":"closed","template":"","meta":{"_acf_changed":false,"inline_featured_image":false,"footnotes":""},"class_list":["post-15","page","type-page","status-publish","hentry"],"acf":[],"_links":{"self":[{"href":"https:\/\/immortalnutrition.eu\/pl\/wp-json\/wp\/v2\/pages\/15","targetHints":{"allow":["GET"]}}],"collection":[{"href":"https:\/\/immortalnutrition.eu\/pl\/wp-json\/wp\/v2\/pages"}],"about":[{"href":"https:\/\/immortalnutrition.eu\/pl\/wp-json\/wp\/v2\/types\/page"}],"author":[{"embeddable":true,"href":"https:\/\/immortalnutrition.eu\/pl\/wp-json\/wp\/v2\/users\/1"}],"replies":[{"embeddable":true,"href":"https:\/\/immortalnutrition.eu\/pl\/wp-json\/wp\/v2\/comments?post=15"}],"version-history":[{"count":91,"href":"https:\/\/immortalnutrition.eu\/pl\/wp-json\/wp\/v2\/pages\/15\/revisions"}],"predecessor-version":[{"id":10874,"href":"https:\/\/immortalnutrition.eu\/pl\/wp-json\/wp\/v2\/pages\/15\/revisions\/10874"}],"wp:attachment":[{"href":"https:\/\/immortalnutrition.eu\/pl\/wp-json\/wp\/v2\/media?parent=15"}],"curies":[{"name":"wp","href":"https:\/\/api.w.org\/{rel}","templated":true}]}}