{"id":2518,"date":"2024-10-21T09:25:19","date_gmt":"2024-10-21T09:25:19","guid":{"rendered":"https:\/\/immortalnutrition.eu\/?page_id=2518"},"modified":"2025-03-11T08:04:07","modified_gmt":"2025-03-11T08:04:07","slug":"cooperation","status":"publish","type":"page","link":"https:\/\/immortalnutrition.eu\/pl\/cooperation\/","title":{"rendered":"WSP\u00d3\u0141PRACA"},"content":{"rendered":"<div data-elementor-type=\"wp-page\" data-elementor-id=\"2518\" class=\"elementor elementor-2518\" data-elementor-post-type=\"page\">\n\t\t\t\t<div class=\"elementor-element elementor-element-0f2691d e-flex e-con-boxed e-con e-parent\" data-id=\"0f2691d\" data-element_type=\"container\" data-e-type=\"container\" data-settings=\"{&quot;background_background&quot;:&quot;classic&quot;}\">\n\t\t\t\t\t<div class=\"e-con-inner\">\n\t\t<div class=\"elementor-element elementor-element-ca34f10 e-con-full e-flex elementor-invisible e-con e-child\" data-id=\"ca34f10\" data-element_type=\"container\" data-e-type=\"container\" data-settings=\"{&quot;animation&quot;:&quot;fadeInLeft&quot;}\">\n\t\t\t\t<div class=\"elementor-element elementor-element-11ee508 elementor-widget elementor-widget-heading\" data-id=\"11ee508\" data-element_type=\"widget\" data-e-type=\"widget\" data-widget_type=\"heading.default\">\n\t\t\t\t<div class=\"elementor-widget-container\">\n\t\t\t\t\t<h2 class=\"elementor-heading-title elementor-size-default\">Zosta\u0144 Dystrybutorem <p style=\"color: #E30613\"><i>#IMMORTALNUTRITION<\/i><\/p><\/h2>\t\t\t\t<\/div>\n\t\t\t\t<\/div>\n\t\t\t\t<div class=\"elementor-element elementor-element-28859dc elementor-widget elementor-widget-text-editor\" data-id=\"28859dc\" data-element_type=\"widget\" data-e-type=\"widget\" data-widget_type=\"text-editor.default\">\n\t\t\t\t<div class=\"elementor-widget-container\">\n\t\t\t\t\t\t\t\t\t<p data-start=\"46\" data-end=\"365\">Czy pasjonujesz si\u0119 zdrowym stylem \u017cycia, sportem i dietetyk\u0105? Razem z Immortal Nutrition mo\u017cesz pomaga\u0107 innym w osi\u0105ganiu pe\u0142ni ich potencja\u0142u i wspiera\u0107 ich w drodze do lepszej formy. Po\u0142\u0105czmy si\u0142y i dostarczajmy najwy\u017cszej jako\u015bci suplementy diety oraz produkty \u017cywieniowe wszystkim, kt\u00f3rzy ich potrzebuj\u0105.<\/p><p data-start=\"367\" data-end=\"574\">Wsp\u00f3\u0142praca z nami to co\u015b wi\u0119cej ni\u017c tylko produkty \u2013 to kompleksowe wsparcie na ka\u017cdym etapie. Od fachowych porad i pomocy w sprzeda\u017cy po profesjonalne narz\u0119dzia marketingowe \u2013 zapewniamy wszystko, czego potrzebujesz, aby osi\u0105gn\u0105\u0107 sukces.<\/p><p data-start=\"576\" data-end=\"772\">\u017badnej skomplikowanej papierologii \u2013 po pomy\u015blnej weryfikacji Twojej firmy zyskasz dost\u0119p do intuicyjnego panelu zam\u00f3wie\u0144, kt\u00f3ry umo\u017cliwi Ci szybkie i wygodne sk\u0142adanie zam\u00f3wie\u0144 online na nasze produkty.<\/p><p data-start=\"774\" data-end=\"910\" data-is-last-node=\"\" data-is-only-node=\"\">Chcesz do nas do\u0142\u0105czy\u0107 i inspirowa\u0107 innych do zdrowszego \u017cycia? Wype\u0142nij kr\u00f3tki formularz i wsp\u00f3lnie rozpocznijmy t\u0119 drog\u0119 do sukcesu!<\/p>\t\t\t\t\t\t\t\t<\/div>\n\t\t\t\t<\/div>\n\t\t\t\t<\/div>\n\t\t<div class=\"elementor-element elementor-element-8b1e8b4 e-con-full e-flex elementor-invisible e-con e-child\" data-id=\"8b1e8b4\" data-element_type=\"container\" data-e-type=\"container\" data-settings=\"{&quot;animation&quot;:&quot;fadeInRight&quot;}\">\n\t\t\t\t<div class=\"elementor-element elementor-element-897a984 elementor-widget elementor-widget-image\" data-id=\"897a984\" data-element_type=\"widget\" data-e-type=\"widget\" data-widget_type=\"image.default\">\n\t\t\t\t<div class=\"elementor-widget-container\">\n\t\t\t\t\t\t\t\t\t\t\t\t\t\t\t<img loading=\"lazy\" decoding=\"async\" width=\"800\" height=\"1200\" src=\"https:\/\/immortalnutrition.eu\/wp-content\/uploads\/2025\/03\/businesspeople-standing-city-street-shaking-hands.jpg\" class=\"attachment-full size-full wp-image-9380\" alt=\"\" srcset=\"https:\/\/immortalnutrition.eu\/wp-content\/uploads\/2025\/03\/businesspeople-standing-city-street-shaking-hands.jpg 800w, https:\/\/immortalnutrition.eu\/wp-content\/uploads\/2025\/03\/businesspeople-standing-city-street-shaking-hands-200x300.jpg 200w, https:\/\/immortalnutrition.eu\/wp-content\/uploads\/2025\/03\/businesspeople-standing-city-street-shaking-hands-683x1024.jpg 683w, https:\/\/immortalnutrition.eu\/wp-content\/uploads\/2025\/03\/businesspeople-standing-city-street-shaking-hands-768x1152.jpg 768w, https:\/\/immortalnutrition.eu\/wp-content\/uploads\/2025\/03\/businesspeople-standing-city-street-shaking-hands-8x12.jpg 8w, https:\/\/immortalnutrition.eu\/wp-content\/uploads\/2025\/03\/businesspeople-standing-city-street-shaking-hands-600x900.jpg 600w, https:\/\/immortalnutrition.eu\/wp-content\/uploads\/2025\/03\/businesspeople-standing-city-street-shaking-hands-7x10.jpg 7w\" sizes=\"auto, (max-width: 800px) 100vw, 800px\" \/>\t\t\t\t\t\t\t\t\t\t\t\t\t\t\t<\/div>\n\t\t\t\t<\/div>\n\t\t\t\t<\/div>\n\t\t\t\t\t<\/div>\n\t\t\t\t<\/div>\n\t\t<div class=\"elementor-element elementor-element-9d40205 e-flex e-con-boxed e-con e-parent\" data-id=\"9d40205\" data-element_type=\"container\" data-e-type=\"container\" data-settings=\"{&quot;background_background&quot;:&quot;classic&quot;}\">\n\t\t\t\t\t<div class=\"e-con-inner\">\n\t\t\t\t<div class=\"elementor-element elementor-element-fd20f35 etheme-contact-form-7-button-custom elementor-invisible elementor-widget elementor-widget-et-contact-form-7\" data-id=\"fd20f35\" data-element_type=\"widget\" data-e-type=\"widget\" data-settings=\"{&quot;_animation&quot;:&quot;slideInUp&quot;}\" data-widget_type=\"et-contact-form-7.default\">\n\t\t\t\t<div class=\"elementor-widget-container\">\n\t\t\t\t\t                <div class=\"pp-contact-form etheme-contact-form-7 etheme-custom-radio-checkbox\">\n                                            <div class=\"etheme-contact-form-7-heading\">\n                                                            <h3 class=\"pp-contact-form-title etheme-contact-form-7-title\">\n                                    Formularz Wsp\u00f3\u0142pracy                                <\/h3>\n                                                                                <\/div>\n                                        \n<div class=\"wpcf7 no-js\" id=\"wpcf7-f9397-o1\" lang=\"en\" dir=\"ltr\" data-wpcf7-id=\"9397\">\n<div class=\"screen-reader-response\"><p role=\"status\" aria-live=\"polite\" aria-atomic=\"true\"><\/p> <ul><\/ul><\/div>\n<form action=\"\/pl\/wp-json\/wp\/v2\/pages\/2518#wpcf7-f9397-o1\" method=\"post\" class=\"wpcf7-form init\" aria-label=\"Formularz kontaktowy\" novalidate=\"novalidate\" data-status=\"init\" data-trp-original-action=\"\/pl\/wp-json\/wp\/v2\/pages\/2518#wpcf7-f9397-o1\">\n<fieldset class=\"hidden-fields-container\"><input type=\"hidden\" name=\"_wpcf7\" value=\"9397\" \/><input type=\"hidden\" name=\"_wpcf7_version\" value=\"6.1.5\" \/><input type=\"hidden\" name=\"_wpcf7_locale\" value=\"en\" \/><input type=\"hidden\" name=\"_wpcf7_unit_tag\" value=\"wpcf7-f9397-o1\" \/><input type=\"hidden\" name=\"_wpcf7_container_post\" value=\"0\" \/><input type=\"hidden\" name=\"_wpcf7_posted_data_hash\" value=\"\" \/><input type=\"hidden\" name=\"_wpcf7_recaptcha_response\" value=\"\" \/>\n<\/fieldset>\n<p><label> Imi\u0119 i nazwisko<br \/>\n<span class=\"wpcf7-form-control-wrap\" data-name=\"your-name\"><input size=\"40\" maxlength=\"400\" class=\"wpcf7-form-control wpcf7-text wpcf7-validates-as-required\" autocomplete=\"name\" aria-required=\"true\" aria-invalid=\"false\" value=\"\" type=\"text\" name=\"your-name\" \/><\/span> <\/label>\n<\/p>\n<p><label> E-mail<br \/>\n<span class=\"wpcf7-form-control-wrap\" data-name=\"your-email\"><input size=\"40\" maxlength=\"400\" class=\"wpcf7-form-control wpcf7-email wpcf7-validates-as-required wpcf7-text wpcf7-validates-as-email\" autocomplete=\"email\" aria-required=\"true\" aria-invalid=\"false\" value=\"\" type=\"email\" name=\"your-email\" \/><\/span> <\/label>\n<\/p>\n<p><label> Numer telefonu<br \/>\n<span class=\"wpcf7-form-control-wrap\" data-name=\"tel-698\"><input size=\"40\" maxlength=\"400\" class=\"wpcf7-form-control wpcf7-tel wpcf7-validates-as-required wpcf7-text wpcf7-validates-as-tel\" aria-required=\"true\" aria-invalid=\"false\" value=\"\" type=\"tel\" name=\"tel-698\" \/><\/span> <\/label>\n<\/p>\n<p><label> Nazwa firmy<br \/>\n<span class=\"wpcf7-form-control-wrap\" data-name=\"text-941\"><input size=\"40\" maxlength=\"400\" class=\"wpcf7-form-control wpcf7-text wpcf7-validates-as-required\" aria-required=\"true\" aria-invalid=\"false\" value=\"\" type=\"text\" name=\"text-941\" \/><\/span> <\/label>\n<\/p>\n<p><label> NIP<br \/>\n<span class=\"wpcf7-form-control-wrap\" data-name=\"text-327\"><input size=\"40\" maxlength=\"400\" class=\"wpcf7-form-control wpcf7-text wpcf7-validates-as-required\" aria-required=\"true\" aria-invalid=\"false\" value=\"\" type=\"text\" name=\"text-327\" \/><\/span> <\/label>\n<\/p>\n<p><label> Ulica i numer<br \/>\n<span class=\"wpcf7-form-control-wrap\" data-name=\"text-255\"><input size=\"40\" maxlength=\"400\" class=\"wpcf7-form-control wpcf7-text wpcf7-validates-as-required\" aria-required=\"true\" aria-invalid=\"false\" value=\"\" type=\"text\" name=\"text-255\" \/><\/span> <\/label>\n<\/p>\n<p><label> Kod pocztowy<br \/>\n<span class=\"wpcf7-form-control-wrap\" data-name=\"text-434\"><input size=\"40\" maxlength=\"400\" class=\"wpcf7-form-control wpcf7-text wpcf7-validates-as-required\" aria-required=\"true\" aria-invalid=\"false\" value=\"\" type=\"text\" name=\"text-434\" \/><\/span> <\/label>\n<\/p>\n<p><label> Miasto<br \/>\n<span class=\"wpcf7-form-control-wrap\" data-name=\"text-435\"><input size=\"40\" maxlength=\"400\" class=\"wpcf7-form-control wpcf7-text wpcf7-validates-as-required\" aria-required=\"true\" aria-invalid=\"false\" value=\"\" type=\"text\" name=\"text-435\" \/><\/span> <\/label>\n<\/p>\n<p>Czy aktualnie prowadzisz sprzeda\u017c na jakimkolwiek marketplace?\n<\/p>\n<p><span class=\"wpcf7-form-control-wrap\" data-name=\"radio-997\"><span class=\"wpcf7-form-control wpcf7-radio\"><span class=\"wpcf7-list-item first\"><label><input type=\"radio\" name=\"radio-997\" value=\"YES\" \/><span class=\"wpcf7-list-item-label\">TAK<\/span><\/label><\/span><span class=\"wpcf7-list-item last\"><label><input type=\"radio\" name=\"radio-997\" value=\"NO\" \/><span class=\"wpcf7-list-item-label\">NIE<\/span><\/label><\/span><\/span><\/span>\n<\/p>\n<p><label> Je\u015bli odpowiedzia\u0142e\u015b \u201eTAK\u201d na poprzednie pytanie, podaj nam nazwy swoich kont na platformach.<br \/>\n<span class=\"wpcf7-form-control-wrap\" data-name=\"text-29\"><input size=\"40\" maxlength=\"400\" class=\"wpcf7-form-control wpcf7-text\" aria-invalid=\"false\" value=\"\" type=\"text\" name=\"text-29\" \/><\/span> <\/label>\n<\/p>\n<p><label> Czy posiadasz sklep internetowy? Je\u015bli tak, podaj jego adres URL poni\u017cej.<br \/>\n<span class=\"wpcf7-form-control-wrap\" data-name=\"url-535\"><input size=\"40\" maxlength=\"400\" class=\"wpcf7-form-control wpcf7-url wpcf7-text wpcf7-validates-as-url\" aria-invalid=\"false\" value=\"\" type=\"url\" name=\"url-535\" \/><\/span> <\/label>\n<\/p>\n<p><label> Dodatkowe informacje\/komentarze (opcjonalnie)<br \/>\n<span class=\"wpcf7-form-control-wrap\" data-name=\"your-message\"><textarea cols=\"40\" rows=\"10\" maxlength=\"2000\" class=\"wpcf7-form-control wpcf7-textarea\" aria-invalid=\"false\" name=\"your-message\"><\/textarea><\/span> <\/label>\n<\/p>\n<p><input class=\"wpcf7-form-control wpcf7-submit has-spinner\" type=\"submit\" value=\"WY\u015aLIJ\" \/>\n<\/p><div class=\"wpcf7-response-output\" aria-hidden=\"true\"><\/div>\n<input type=\"hidden\" name=\"trp-form-language\" value=\"pl\"\/><\/form>\n<\/div>\n                <\/div>\n                \t\t\t\t<\/div>\n\t\t\t\t<\/div>\n\t\t\t\t\t<\/div>\n\t\t\t\t<\/div>\n\t\t\t\t<\/div>","protected":false},"excerpt":{"rendered":"<p>Become a Distibutor of #IMMORTALNUTRITION Are you passionate about a healthy lifestyle, sports, and nutrition? Together with Immortal Nutrition, you can help others reach their full potential and support them on their journey to better fitness. Let\u2019s join forces and deliver top-quality dietary supplements and nutritional products to everyone who needs them. Partnering with us is more than just products \u2013 it\u2019s about ongoing support at every step. From expert advice and sales assistance to professional marketing tools, we provide everything you need to succeed. No complicated paperwork \u2013 once your company is successfully verified, you\u2019ll gain access to an&#8230;<\/p>","protected":false},"author":1,"featured_media":0,"parent":0,"menu_order":0,"comment_status":"closed","ping_status":"closed","template":"","meta":{"_acf_changed":false,"inline_featured_image":false,"footnotes":""},"class_list":["post-2518","page","type-page","status-publish","hentry"],"acf":[],"_links":{"self":[{"href":"https:\/\/immortalnutrition.eu\/pl\/wp-json\/wp\/v2\/pages\/2518","targetHints":{"allow":["GET"]}}],"collection":[{"href":"https:\/\/immortalnutrition.eu\/pl\/wp-json\/wp\/v2\/pages"}],"about":[{"href":"https:\/\/immortalnutrition.eu\/pl\/wp-json\/wp\/v2\/types\/page"}],"author":[{"embeddable":true,"href":"https:\/\/immortalnutrition.eu\/pl\/wp-json\/wp\/v2\/users\/1"}],"replies":[{"embeddable":true,"href":"https:\/\/immortalnutrition.eu\/pl\/wp-json\/wp\/v2\/comments?post=2518"}],"version-history":[{"count":222,"href":"https:\/\/immortalnutrition.eu\/pl\/wp-json\/wp\/v2\/pages\/2518\/revisions"}],"predecessor-version":[{"id":9416,"href":"https:\/\/immortalnutrition.eu\/pl\/wp-json\/wp\/v2\/pages\/2518\/revisions\/9416"}],"wp:attachment":[{"href":"https:\/\/immortalnutrition.eu\/pl\/wp-json\/wp\/v2\/media?parent=2518"}],"curies":[{"name":"wp","href":"https:\/\/api.w.org\/{rel}","templated":true}]}}