{"id":8851,"date":"2025-03-05T10:40:56","date_gmt":"2025-03-05T10:40:56","guid":{"rendered":"https:\/\/immortalnutrition.eu\/?page_id=8851"},"modified":"2025-04-22T07:41:26","modified_gmt":"2025-04-22T07:41:26","slug":"mass-gainers","status":"publish","type":"page","link":"https:\/\/immortalnutrition.eu\/pl\/mass-gainers\/","title":{"rendered":"GAINERY"},"content":{"rendered":"<div data-elementor-type=\"wp-page\" data-elementor-id=\"8851\" class=\"elementor elementor-8851\" data-elementor-post-type=\"page\">\n\t\t\t\t<div class=\"elementor-element elementor-element-c05671e e-con-full e-flex elementor-invisible e-con e-parent\" data-id=\"c05671e\" data-element_type=\"container\" data-e-type=\"container\" data-settings=\"{&quot;background_background&quot;:&quot;video&quot;,&quot;background_video_link&quot;:&quot;https:\\\/\\\/youtu.be\\\/CC_PrIEUjZA&quot;,&quot;background_play_on_mobile&quot;:&quot;yes&quot;,&quot;animation&quot;:&quot;fadeIn&quot;}\">\n\t\t<div class=\"elementor-background-video-container\">\n\t\t\t\t\t\t\t<div class=\"elementor-background-video-embed\" role=\"presentation\"><\/div>\n\t\t\t\t\t\t<\/div>\t\t<div class=\"elementor-element elementor-element-1a1b996 elementor-widget elementor-widget-heading\" data-id=\"1a1b996\" data-element_type=\"widget\" data-e-type=\"widget\" data-widget_type=\"heading.default\">\n\t\t\t\t<div class=\"elementor-widget-container\">\n\t\t\t\t\t<h1 class=\"elementor-heading-title elementor-size-default\">GAINERY<\/h1>\t\t\t\t<\/div>\n\t\t\t\t<\/div>\n\t\t\t\t<div class=\"elementor-element elementor-element-5409751 elementor-widget elementor-widget-text-editor\" data-id=\"5409751\" data-element_type=\"widget\" data-e-type=\"widget\" data-widget_type=\"text-editor.default\">\n\t\t\t\t<div class=\"elementor-widget-container\">\n\t\t\t\t\t\t\t\t\t<p>... poniewa\u017c \u017cycie jest zbyt kr\u00f3tkie, aby by\u0107 ma\u0142ym<\/p>\t\t\t\t\t\t\t\t<\/div>\n\t\t\t\t<\/div>\n\t\t\t\t<\/div>\n\t\t<div class=\"elementor-element elementor-element-cca8491 e-flex e-con-boxed e-con e-parent\" data-id=\"cca8491\" data-element_type=\"container\" data-e-type=\"container\">\n\t\t\t\t\t<div class=\"e-con-inner\">\n\t\t\t\t<div class=\"elementor-element elementor-element-8114d44 elementor-invisible elementor-widget elementor-widget-html\" data-id=\"8114d44\" data-element_type=\"widget\" data-e-type=\"widget\" data-settings=\"{&quot;_animation&quot;:&quot;fadeIn&quot;}\" data-widget_type=\"html.default\">\n\t\t\t\t<div class=\"elementor-widget-container\">\n\t\t\t\t\t<div class=\"top-tips-box\">\r\n  <div class=\"top-tips-icon\">\r\n    <img decoding=\"async\" src=\"https:\/\/immortalnutrition.eu\/wp-content\/uploads\/2025\/04\/school_13676828.svg\" alt=\"Ikona szko\u0142y\" class=\"top-tips-img-icon\" \/>\r\n  <\/div>\r\n  <div class=\"top-tips-content\">\r\n    <p>Chcesz zwi\u0119kszy\u0107 mas\u0119 mi\u0119\u015bniow\u0105 i przybra\u0107 na wadze? Odkryj nasz\u0105 ofert\u0119 suplement\u00f3w wysokokalorycznych, specjalnie opracowanych, aby pom\u00f3c Ci osi\u0105gn\u0105\u0107 cele zwi\u0105zane z przyrostem wagi i budowaniem mi\u0119\u015bni. Pe\u0142ne idealnej mieszanki bia\u0142ka, w\u0119glowodan\u00f3w i niezb\u0119dnych sk\u0142adnik\u00f3w od\u017cywczych, te produkty s\u0105 Twoim najlepszym sojusznikiem w przyspieszonym wzro\u015bcie i regeneracji. Wzboga\u0107 swoj\u0105 diet\u0119 o nasze produkty bogate w sk\u0142adniki od\u017cywcze i zobacz rezultaty jak nigdy wcze\u015bniej.<\/p>\r\n  <\/div>\r\n<\/div>\t\t\t\t<\/div>\n\t\t\t\t<\/div>\n\t\t\t\t\t<\/div>\n\t\t\t\t<\/div>\n\t\t<div class=\"elementor-element elementor-element-20a3c468 e-flex e-con-boxed elementor-invisible e-con e-parent\" data-id=\"20a3c468\" data-element_type=\"container\" data-e-type=\"container\" data-settings=\"{&quot;animation&quot;:&quot;fadeInUp&quot;}\">\n\t\t\t\t\t<div class=\"e-con-inner\">\n\t\t\t\t<div class=\"elementor-element elementor-element-2f485b57 etheme-elementor-product-align-center elementor-widget elementor-widget-etheme_product_grid\" data-id=\"2f485b57\" data-element_type=\"widget\" data-e-type=\"widget\" data-settings=\"{&quot;cols&quot;:&quot;3&quot;,&quot;cols_tablet&quot;:&quot;2&quot;,&quot;cols_mobile&quot;:&quot;1&quot;,&quot;query_type&quot;:&quot;all&quot;,&quot;navigation&quot;:&quot;none&quot;,&quot;cols_gap&quot;:{&quot;unit&quot;:&quot;px&quot;,&quot;size&quot;:&quot;&quot;,&quot;sizes&quot;:[]},&quot;cols_gap_tablet&quot;:{&quot;unit&quot;:&quot;px&quot;,&quot;size&quot;:&quot;&quot;,&quot;sizes&quot;:[]},&quot;cols_gap_mobile&quot;:{&quot;unit&quot;:&quot;px&quot;,&quot;size&quot;:&quot;&quot;,&quot;sizes&quot;:[]},&quot;rows_gap&quot;:{&quot;unit&quot;:&quot;px&quot;,&quot;size&quot;:&quot;&quot;,&quot;sizes&quot;:[]},&quot;rows_gap_tablet&quot;:{&quot;unit&quot;:&quot;px&quot;,&quot;size&quot;:&quot;&quot;,&quot;sizes&quot;:[]},&quot;rows_gap_mobile&quot;:{&quot;unit&quot;:&quot;px&quot;,&quot;size&quot;:&quot;&quot;,&quot;sizes&quot;:[]}}\" data-widget_type=\"etheme_product_grid.default\">\n\t\t\t\t<div class=\"elementor-widget-container\">\n\t\t\t\t\t<div class=\"etheme-product-grid\">\n\n        <div class=\"etheme-product-grid-item product type-product post-6690 status-publish first instock product_cat-all-products product_cat-mass-gainers has-post-thumbnail taxable shipping-taxable purchasable product-type-variable\">\n        <div class=\"etheme-product-grid-image\"><a href=\"https:\/\/immortalnutrition.eu\/pl\/produkt\/100-whey-mass-protein-3000g\/\"><img loading=\"lazy\" decoding=\"async\" width=\"600\" height=\"600\" src=\"https:\/\/immortalnutrition.eu\/wp-content\/uploads\/xstore\/xstore-placeholder-10x10.png\" class=\"attachment-woocommerce_thumbnail size-woocommerce_thumbnail lazyload lazyload-simple et-lazyload-fadeIn\" alt=\"100% WHEY MASS PROTEIN - 3000G\" sizes=\"auto, (max-width: 600px) 100vw, 600px\" data-src=\"https:\/\/immortalnutrition.eu\/wp-content\/uploads\/2025\/01\/IMMORTAL-PL-Whey-Mass-Protein-mockup-strawberry-600x600.png\" data-srcset=\"https:\/\/immortalnutrition.eu\/wp-content\/uploads\/2025\/01\/IMMORTAL-PL-Whey-Mass-Protein-mockup-strawberry-600x600.png 600w, https:\/\/immortalnutrition.eu\/wp-content\/uploads\/2025\/01\/IMMORTAL-PL-Whey-Mass-Protein-mockup-strawberry-300x300.png 300w, https:\/\/immortalnutrition.eu\/wp-content\/uploads\/2025\/01\/IMMORTAL-PL-Whey-Mass-Protein-mockup-strawberry-150x150.png 150w, https:\/\/immortalnutrition.eu\/wp-content\/uploads\/2025\/01\/IMMORTAL-PL-Whey-Mass-Protein-mockup-strawberry-768x768.png 768w, https:\/\/immortalnutrition.eu\/wp-content\/uploads\/2025\/01\/IMMORTAL-PL-Whey-Mass-Protein-mockup-strawberry-12x12.png 12w, https:\/\/immortalnutrition.eu\/wp-content\/uploads\/2025\/01\/IMMORTAL-PL-Whey-Mass-Protein-mockup-strawberry-100x100.png 100w, https:\/\/immortalnutrition.eu\/wp-content\/uploads\/2025\/01\/IMMORTAL-PL-Whey-Mass-Protein-mockup-strawberry-10x10.png 10w, https:\/\/immortalnutrition.eu\/wp-content\/uploads\/2025\/01\/IMMORTAL-PL-Whey-Mass-Protein-mockup-strawberry.png 1000w\" \/><\/a><\/div><div class=\"etheme-product-grid-content\"><h2 class=\"woocommerce-loop-product__title etheme-product-grid-title\"><a href=\"https:\/\/immortalnutrition.eu\/pl\/produkt\/100-whey-mass-protein-3000g\/\">100% WHEY MASS PROTEIN &#8211; 3000G<\/a><\/h2>\n\t<span class=\"price\"><span class=\"woocommerce-Price-amount amount\"><bdi>39,00&nbsp;<span class=\"woocommerce-Price-currencySymbol\">\u20ac<\/span><\/bdi><\/span><\/span>\n<a href=\"https:\/\/immortalnutrition.eu\/pl\/produkt\/100-whey-mass-protein-3000g\/\" aria-describedby=\"woocommerce_loop_add_to_cart_link_describedby_6690\" data-quantity=\"1\" class=\"button product_type_variable add_to_cart_button etheme-product-grid-button\" data-product_id=\"6690\" data-product_sku=\"\" aria-label=\"Wybierz opcje dla \u201e100% WHEY MASS PROTEIN - 3000G\u201d\" rel=\"nofollow\" data-product_name=\"100% WHEY MASS PROTEIN - 3000G\" data-no-translation-aria-label=\"\"><span class=\"button-text\" data-no-translation=\"\" data-trp-gettext=\"\">Wybierz opcje<\/span><\/a>\t<span id=\"woocommerce_loop_add_to_cart_link_describedby_6690\" class=\"screen-reader-text\">\n\t\tTen produkt ma wiele wariant\u00f3w. Opcje mo\u017cna wybra\u0107 na stronie produktu\t<\/span>\n<\/div>        <\/div>\n                <div class=\"etheme-product-grid-item product type-product post-9759 status-publish instock product_cat-all-products product_cat-mass-gainers has-post-thumbnail taxable shipping-taxable purchasable product-type-variable\">\n        <div class=\"etheme-product-grid-image\"><a href=\"https:\/\/immortalnutrition.eu\/pl\/produkt\/mass-explosion-1000g\/\"><img loading=\"lazy\" decoding=\"async\" width=\"600\" height=\"600\" src=\"https:\/\/immortalnutrition.eu\/wp-content\/uploads\/xstore\/xstore-placeholder-10x10.png\" class=\"attachment-woocommerce_thumbnail size-woocommerce_thumbnail lazyload lazyload-simple et-lazyload-fadeIn\" alt=\"MASS EXPLOSION - 1000G\" sizes=\"auto, (max-width: 600px) 100vw, 600px\" data-src=\"https:\/\/immortalnutrition.eu\/wp-content\/uploads\/2025\/03\/immortal-mass-explosion-1000g.jpg\" data-srcset=\"https:\/\/immortalnutrition.eu\/wp-content\/uploads\/2025\/03\/immortal-mass-explosion-1000g.jpg 600w, https:\/\/immortalnutrition.eu\/wp-content\/uploads\/2025\/03\/immortal-mass-explosion-1000g-300x300.jpg 300w, https:\/\/immortalnutrition.eu\/wp-content\/uploads\/2025\/03\/immortal-mass-explosion-1000g-150x150.jpg 150w, https:\/\/immortalnutrition.eu\/wp-content\/uploads\/2025\/03\/immortal-mass-explosion-1000g-12x12.jpg 12w, https:\/\/immortalnutrition.eu\/wp-content\/uploads\/2025\/03\/immortal-mass-explosion-1000g-100x100.jpg 100w, https:\/\/immortalnutrition.eu\/wp-content\/uploads\/2025\/03\/immortal-mass-explosion-1000g-10x10.jpg 10w\" \/><\/a><\/div><div class=\"etheme-product-grid-content\"><h2 class=\"woocommerce-loop-product__title etheme-product-grid-title\"><a href=\"https:\/\/immortalnutrition.eu\/pl\/produkt\/mass-explosion-1000g\/\">MASS EXPLOSION &#8211; 1000G<\/a><\/h2>\n\t<span class=\"price\"><span class=\"woocommerce-Price-amount amount\"><bdi>19,00&nbsp;<span class=\"woocommerce-Price-currencySymbol\">\u20ac<\/span><\/bdi><\/span><\/span>\n<a href=\"https:\/\/immortalnutrition.eu\/pl\/produkt\/mass-explosion-1000g\/\" aria-describedby=\"woocommerce_loop_add_to_cart_link_describedby_9759\" data-quantity=\"1\" class=\"button product_type_variable add_to_cart_button etheme-product-grid-button\" data-product_id=\"9759\" data-product_sku=\"\" aria-label=\"Wybierz opcje dla \u201eMASS EXPLOSION - 1000G\u201d\" rel=\"nofollow\" data-product_name=\"MASS EXPLOSION - 1000G\" data-no-translation-aria-label=\"\"><span class=\"button-text\" data-no-translation=\"\" data-trp-gettext=\"\">Wybierz opcje<\/span><\/a>\t<span id=\"woocommerce_loop_add_to_cart_link_describedby_9759\" class=\"screen-reader-text\">\n\t\tTen produkt ma wiele wariant\u00f3w. Opcje mo\u017cna wybra\u0107 na stronie produktu\t<\/span>\n<\/div>        <\/div>\n        <\/div> <!-- .row -->\t\t\t\t<\/div>\n\t\t\t\t<\/div>\n\t\t\t\t\t<\/div>\n\t\t\t\t<\/div>\n\t\t<div class=\"elementor-element elementor-element-3cf13f15 e-flex e-con-boxed e-con e-parent\" data-id=\"3cf13f15\" data-element_type=\"container\" data-e-type=\"container\">\n\t\t\t\t\t<div class=\"e-con-inner\">\n\t\t\t\t<div class=\"elementor-element elementor-element-51c53ade elementor-invisible elementor-widget elementor-widget-text-editor\" data-id=\"51c53ade\" data-element_type=\"widget\" data-e-type=\"widget\" data-settings=\"{&quot;_animation&quot;:&quot;fadeInUp&quot;}\" data-widget_type=\"text-editor.default\">\n\t\t\t\t<div class=\"elementor-widget-container\">\n\t\t\t\t\t\t\t\t\t<p>Witaj w Twoim idealnym miejscu na suplementy wysokokaloryczne najwy\u017cszej jako\u015bci, starannie opracowane, aby wspiera\u0107 Twoje cele zwi\u0105zane z budowaniem mi\u0119\u015bni i przyrostem masy cia\u0142a. Niezale\u017cnie od tego, czy jeste\u015b osob\u0105 maj\u0105c\u0105 trudno\u015bci z przybieraniem na wadze, czy sportowcem, kt\u00f3ry chce zwi\u0119kszy\u0107 mas\u0119 mi\u0119\u015bniow\u0105 przed nast\u0119pnym sezonem, nasza kompleksowa oferta ma wszystko, czego potrzebujesz.<\/p>\t\t\t\t\t\t\t\t<\/div>\n\t\t\t\t<\/div>\n\t\t\t\t\t<\/div>\n\t\t\t\t<\/div>\n\t\t<div class=\"elementor-element elementor-element-759dd772 e-flex e-con-boxed e-con e-parent\" data-id=\"759dd772\" data-element_type=\"container\" data-e-type=\"container\">\n\t\t\t\t\t<div class=\"e-con-inner\">\n\t\t\t\t<div class=\"elementor-element elementor-element-10d34b83 elementor-invisible elementor-widget elementor-widget-heading\" data-id=\"10d34b83\" data-element_type=\"widget\" data-e-type=\"widget\" data-settings=\"{&quot;_animation&quot;:&quot;bounceInUp&quot;}\" data-widget_type=\"heading.default\">\n\t\t\t\t<div class=\"elementor-widget-container\">\n\t\t\t\t\t<h2 class=\"elementor-heading-title elementor-size-default\">Odblokuj sw\u00f3j potencja\u0142 w budowaniu mi\u0119\u015bni dzi\u0119ki naszym specjalistycznym od\u017cywkom!<\/h2>\t\t\t\t<\/div>\n\t\t\t\t<\/div>\n\t\t\t\t<div class=\"elementor-element elementor-element-704b8b7e elementor-invisible elementor-widget elementor-widget-heading\" data-id=\"704b8b7e\" data-element_type=\"widget\" data-e-type=\"widget\" data-settings=\"{&quot;_animation&quot;:&quot;bounceInUp&quot;}\" data-widget_type=\"heading.default\">\n\t\t\t\t<div class=\"elementor-widget-container\">\n\t\t\t\t\t<h2 class=\"elementor-heading-title elementor-size-default\">Zr\u00f3wnowa\u017cony profil od\u017cywczy<\/h2>\t\t\t\t<\/div>\n\t\t\t\t<\/div>\n\t\t\t\t<div class=\"elementor-element elementor-element-7d80c8a1 elementor-invisible elementor-widget elementor-widget-text-editor\" data-id=\"7d80c8a1\" data-element_type=\"widget\" data-e-type=\"widget\" data-settings=\"{&quot;_animation&quot;:&quot;bounceInUp&quot;}\" data-widget_type=\"text-editor.default\">\n\t\t\t\t<div class=\"elementor-widget-container\">\n\t\t\t\t\t\t\t\t\t<p>Nasze suplementy s\u0105 opracowane z optymaln\u0105 r\u00f3wnowag\u0105 bia\u0142ek i w\u0119glowodan\u00f3w, wzbogacone o niezb\u0119dne kwasy t\u0142uszczowe, witaminy i minera\u0142y. Zapewnia to pe\u0142nowarto\u015bciowy poziom sk\u0142adnik\u00f3w od\u017cywczych, kt\u00f3ry jest niezb\u0119dny do wzrostu mi\u0119\u015bni i og\u00f3lnego dobrostanu.<\/p>\t\t\t\t\t\t\t\t<\/div>\n\t\t\t\t<\/div>\n\t\t\t\t<div class=\"elementor-element elementor-element-543c050e elementor-invisible elementor-widget elementor-widget-heading\" data-id=\"543c050e\" data-element_type=\"widget\" data-e-type=\"widget\" data-settings=\"{&quot;_animation&quot;:&quot;bounceInUp&quot;}\" data-widget_type=\"heading.default\">\n\t\t\t\t<div class=\"elementor-widget-container\">\n\t\t\t\t\t<h2 class=\"elementor-heading-title elementor-size-default\">Zwi\u0119kszaj\u0105ce poziom energii w\u0119glowodany<\/h2>\t\t\t\t<\/div>\n\t\t\t\t<\/div>\n\t\t\t\t<div class=\"elementor-element elementor-element-35b490a2 elementor-invisible elementor-widget elementor-widget-text-editor\" data-id=\"35b490a2\" data-element_type=\"widget\" data-e-type=\"widget\" data-settings=\"{&quot;_animation&quot;:&quot;bounceInUp&quot;}\" data-widget_type=\"text-editor.default\">\n\t\t\t\t<div class=\"elementor-widget-container\">\n\t\t\t\t\t\t\t\t\t<p>Nasze produkty zawieraj\u0105 z\u0142o\u017cone w\u0119glowodany, kt\u00f3re zapewniaj\u0105 sta\u0142e uwalnianie energii podczas trening\u00f3w, poprawiaj\u0105c wydajno\u015b\u0107 i redukuj\u0105c zm\u0119czenie.<\/p>\t\t\t\t\t\t\t\t<\/div>\n\t\t\t\t<\/div>\n\t\t\t\t<div class=\"elementor-element elementor-element-19bb646a elementor-invisible elementor-widget elementor-widget-heading\" data-id=\"19bb646a\" data-element_type=\"widget\" data-e-type=\"widget\" data-settings=\"{&quot;_animation&quot;:&quot;bounceInUp&quot;}\" data-widget_type=\"heading.default\">\n\t\t\t\t<div class=\"elementor-widget-container\">\n\t\t\t\t\t<h2 class=\"elementor-heading-title elementor-size-default\">Wygoda<\/h2>\t\t\t\t<\/div>\n\t\t\t\t<\/div>\n\t\t\t\t<div class=\"elementor-element elementor-element-5f771135 elementor-invisible elementor-widget elementor-widget-text-editor\" data-id=\"5f771135\" data-element_type=\"widget\" data-e-type=\"widget\" data-settings=\"{&quot;_animation&quot;:&quot;bounceInUp&quot;}\" data-widget_type=\"text-editor.default\">\n\t\t\t\t<div class=\"elementor-widget-container\">\n\t\t\t\t\t\t\t\t\t<p>Szybkie w przygotowaniu i \u0142atwe do spo\u017cycia, nasze koktajle o wysokiej kaloryczno\u015bci mog\u0105 zast\u0119powa\u0107 posi\u0142ek lub s\u0142u\u017cy\u0107 jako od\u017cywienie po treningu, stanowi\u0105c wygodn\u0105 opcj\u0119 dla os\u00f3b prowadz\u0105cych intensywny tryb \u017cycia.<\/p>\t\t\t\t\t\t\t\t<\/div>\n\t\t\t\t<\/div>\n\t\t\t\t<div class=\"elementor-element elementor-element-444a4e47 elementor-invisible elementor-widget elementor-widget-heading\" data-id=\"444a4e47\" data-element_type=\"widget\" data-e-type=\"widget\" data-settings=\"{&quot;_animation&quot;:&quot;bounceInUp&quot;}\" data-widget_type=\"heading.default\">\n\t\t\t\t<div class=\"elementor-widget-container\">\n\t\t\t\t\t<h2 class=\"elementor-heading-title elementor-size-default\">Przyspiesz swoje post\u0119py<\/h2>\t\t\t\t<\/div>\n\t\t\t\t<\/div>\n\t\t\t\t<div class=\"elementor-element elementor-element-51a564c5 elementor-invisible elementor-widget elementor-widget-text-editor\" data-id=\"51a564c5\" data-element_type=\"widget\" data-e-type=\"widget\" data-settings=\"{&quot;_animation&quot;:&quot;bounceInUp&quot;}\" data-widget_type=\"text-editor.default\">\n\t\t\t\t<div class=\"elementor-widget-container\">\n\t\t\t\t\t\t\t\t\t<p>Je\u015bli chcesz maksymalnie wykorzysta\u0107 swoje sesje treningowe, nie szukaj dalej. Dzi\u0119ki naszym formu\u0142om bogatym w kalorie, nie tylko zwi\u0119kszasz spo\u017cycie kalorii, ale tak\u017ce optymalizujesz wzrost mi\u0119\u015bni i przyspieszasz czas regeneracji, przyspieszaj\u0105c tym samym swoje post\u0119py.<\/p><p>Wejd\u017a do \u015bwiata gwarantowanych rezultat\u00f3w dzi\u0119ki naszym unikalnie opracowanym formu\u0142om bogatym w kalorie, zaprojektowanym, aby zasili\u0107 Twoje ambicje zwi\u0105zane z przyrostem masy mi\u0119\u015bniowej i wagi. Niezale\u017cnie od tego, czy jeste\u015b sportowcem w fazie \"bulkingu\", czy osob\u0105, kt\u00f3ra ma trudno\u015bci z przybieraniem na wadze, nasze produkty s\u0105 dostosowane, aby przyspieszy\u0107 Twoj\u0105 drog\u0119 do celu.<\/p>\t\t\t\t\t\t\t\t<\/div>\n\t\t\t\t<\/div>\n\t\t\t\t<div class=\"elementor-element elementor-element-a40dcba elementor-invisible elementor-widget elementor-widget-heading\" data-id=\"a40dcba\" data-element_type=\"widget\" data-e-type=\"widget\" data-settings=\"{&quot;_animation&quot;:&quot;bounceInUp&quot;}\" data-widget_type=\"heading.default\">\n\t\t\t\t<div class=\"elementor-widget-container\">\n\t\t\t\t\t<h2 class=\"elementor-heading-title elementor-size-default\">Zako\u0144cz poszukiwania idealnego rozwi\u0105zania do budowy mi\u0119\u015bni, wybieraj\u0105c spo\u015br\u00f3d naszej oferty specjalistycznych, wysokokalorycznych formu\u0142 \u017cywieniowych. Oferuj\u0105ce idealn\u0105 mieszank\u0119 bia\u0142ek, w\u0119glowodan\u00f3w i niezb\u0119dnych sk\u0142adnik\u00f3w od\u017cywczych, ka\u017cdy produkt jest starannie testowany pod k\u0105tem jako\u015bci i skuteczno\u015bci. Podejmij decyduj\u0105cy krok w swojej drodze do przyrostu wagi i wzrostu mi\u0119\u015bni ju\u017c dzi\u015b, inwestuj\u0105c w suplementy, kt\u00f3re zapewni\u0105 niezr\u00f3wnane rezultaty. Twoja droga do silniejszej, lepszej wersji siebie zaczyna si\u0119 tutaj.<\/h2>\t\t\t\t<\/div>\n\t\t\t\t<\/div>\n\t\t\t\t\t<\/div>\n\t\t\t\t<\/div>\n\t\t\t\t<\/div>","protected":false},"excerpt":{"rendered":"<p>MASS GAINERS &#8230; beacuse life is too short to be small Looking to bulk up and add lean muscle mass? Discover our range of high-calorie supplements, specifically formulated to help you achieve your weight gain and muscle-building goals. Packed with the perfect blend of protein, carbohydrates, and essential nutrients, these products are your ultimate ally for accelerated growth and recovery. Fortify your diet and training regimen with our nutrient-dense options and witness transformational gains like never before. 100% WHEY MASS PROTEIN &#8211; 3000G 39,00&nbsp;&euro; Select options This product has multiple variants. The options may be chosen on the product page&#8230;<\/p>","protected":false},"author":1,"featured_media":0,"parent":0,"menu_order":0,"comment_status":"closed","ping_status":"closed","template":"","meta":{"_acf_changed":false,"inline_featured_image":false,"footnotes":""},"class_list":["post-8851","page","type-page","status-publish","hentry"],"acf":[],"_links":{"self":[{"href":"https:\/\/immortalnutrition.eu\/pl\/wp-json\/wp\/v2\/pages\/8851","targetHints":{"allow":["GET"]}}],"collection":[{"href":"https:\/\/immortalnutrition.eu\/pl\/wp-json\/wp\/v2\/pages"}],"about":[{"href":"https:\/\/immortalnutrition.eu\/pl\/wp-json\/wp\/v2\/types\/page"}],"author":[{"embeddable":true,"href":"https:\/\/immortalnutrition.eu\/pl\/wp-json\/wp\/v2\/users\/1"}],"replies":[{"embeddable":true,"href":"https:\/\/immortalnutrition.eu\/pl\/wp-json\/wp\/v2\/comments?post=8851"}],"version-history":[{"count":40,"href":"https:\/\/immortalnutrition.eu\/pl\/wp-json\/wp\/v2\/pages\/8851\/revisions"}],"predecessor-version":[{"id":11006,"href":"https:\/\/immortalnutrition.eu\/pl\/wp-json\/wp\/v2\/pages\/8851\/revisions\/11006"}],"wp:attachment":[{"href":"https:\/\/immortalnutrition.eu\/pl\/wp-json\/wp\/v2\/media?parent=8851"}],"curies":[{"name":"wp","href":"https:\/\/api.w.org\/{rel}","templated":true}]}}