{"id":8870,"date":"2025-03-05T11:47:13","date_gmt":"2025-03-05T11:47:13","guid":{"rendered":"https:\/\/immortalnutrition.eu\/?page_id=8870"},"modified":"2025-04-22T07:46:23","modified_gmt":"2025-04-22T07:46:23","slug":"carbohydrates","status":"publish","type":"page","link":"https:\/\/immortalnutrition.eu\/pl\/carbohydrates\/","title":{"rendered":"W\u0118GLOWODANY"},"content":{"rendered":"<div data-elementor-type=\"wp-page\" data-elementor-id=\"8870\" class=\"elementor elementor-8870\" data-elementor-post-type=\"page\">\n\t\t\t\t<div class=\"elementor-element elementor-element-6e6a951 e-con-full e-flex elementor-invisible e-con e-parent\" data-id=\"6e6a951\" data-element_type=\"container\" data-e-type=\"container\" data-settings=\"{&quot;background_background&quot;:&quot;video&quot;,&quot;background_video_link&quot;:&quot;https:\\\/\\\/youtu.be\\\/tHWVGzZBeJw&quot;,&quot;background_play_on_mobile&quot;:&quot;yes&quot;,&quot;animation&quot;:&quot;fadeIn&quot;}\">\n\t\t<div class=\"elementor-background-video-container\">\n\t\t\t\t\t\t\t<div class=\"elementor-background-video-embed\" role=\"presentation\"><\/div>\n\t\t\t\t\t\t<\/div>\t\t<div class=\"elementor-element elementor-element-113bcdd elementor-hidden-mobile elementor-widget elementor-widget-heading\" data-id=\"113bcdd\" data-element_type=\"widget\" data-e-type=\"widget\" data-widget_type=\"heading.default\">\n\t\t\t\t<div class=\"elementor-widget-container\">\n\t\t\t\t\t<h1 class=\"elementor-heading-title elementor-size-default\">W\u0118GLOWODANY<\/h1>\t\t\t\t<\/div>\n\t\t\t\t<\/div>\n\t\t\t\t<div class=\"elementor-element elementor-element-ec7c7e2 elementor-hidden-desktop elementor-hidden-tablet elementor-widget elementor-widget-heading\" data-id=\"ec7c7e2\" data-element_type=\"widget\" data-e-type=\"widget\" data-widget_type=\"heading.default\">\n\t\t\t\t<div class=\"elementor-widget-container\">\n\t\t\t\t\t<h1 class=\"elementor-heading-title elementor-size-default\">CARBO-<br>HYDRATES<\/h1>\t\t\t\t<\/div>\n\t\t\t\t<\/div>\n\t\t\t\t<div class=\"elementor-element elementor-element-3fc0b48 elementor-widget elementor-widget-text-editor\" data-id=\"3fc0b48\" data-element_type=\"widget\" data-e-type=\"widget\" data-widget_type=\"text-editor.default\">\n\t\t\t\t<div class=\"elementor-widget-container\">\n\t\t\t\t\t\t\t\t\t<p>paliwo dla Twoich mi\u0119\u015bni i m\u00f3zgu<\/p>\t\t\t\t\t\t\t\t<\/div>\n\t\t\t\t<\/div>\n\t\t\t\t<\/div>\n\t\t<div class=\"elementor-element elementor-element-339d1a8c e-flex e-con-boxed e-con e-parent\" data-id=\"339d1a8c\" data-element_type=\"container\" data-e-type=\"container\">\n\t\t\t\t\t<div class=\"e-con-inner\">\n\t\t\t\t<div class=\"elementor-element elementor-element-51b12cd elementor-invisible elementor-widget elementor-widget-html\" data-id=\"51b12cd\" data-element_type=\"widget\" data-e-type=\"widget\" data-settings=\"{&quot;_animation&quot;:&quot;fadeIn&quot;}\" data-widget_type=\"html.default\">\n\t\t\t\t<div class=\"elementor-widget-container\">\n\t\t\t\t\t<div class=\"top-tips-box\">\r\n  <div class=\"top-tips-icon\">\r\n    <img decoding=\"async\" src=\"https:\/\/immortalnutrition.eu\/wp-content\/uploads\/2025\/04\/school_13676828.svg\" alt=\"Ikona szko\u0142y\" class=\"top-tips-img-icon\" \/>\r\n  <\/div>\r\n  <div class=\"top-tips-content\">\r\n    <p>Zasil swoj\u0105 wydajno\u015b\u0107 dzi\u0119ki naszym w\u0119glowodanom! W kategorii w\u0119glowodany znajdziesz szeroki wyb\u00f3r wysokiej jako\u015bci suplement\u00f3w w\u0119glowodanowych, opracowanych specjalnie po to, aby dostarczy\u0107 energii niezb\u0119dnej do utrzymania maksymalnej wydajno\u015bci. Nasze produkty s\u0105 idealne dla sportowc\u00f3w, kulturyst\u00f3w i entuzjast\u00f3w fitness, kt\u00f3rzy chc\u0105 zwi\u0119kszy\u0107 swoje rezerwy energetyczne podczas intensywnych trening\u00f3w lub sport\u00f3w wytrzyma\u0142o\u015bciowych. Nasze suplementy w\u0119glowodanowe zosta\u0142y starannie zaprojektowane, aby szybko uzupe\u0142nia\u0107 zapasy glikogenu, zapewniaj\u0105c Twoim mi\u0119\u015bniom energi\u0119 dok\u0142adnie wtedy, gdy jej potrzebujesz. Niezale\u017cnie od tego, czy przechodzisz przez wymagaj\u0105c\u0105 sesj\u0119 treningow\u0105, bierzesz udzia\u0142 w kluczowych zawodach, czy chcesz przyspieszy\u0107 regeneracj\u0119, nasze w\u0119glowodany stanowi\u0105 idealne rozwi\u0105zanie do utrzymania najwy\u017cszej wydajno\u015bci i wytrzyma\u0142o\u015bci.<\/p>\r\n  <\/div>\r\n<\/div>\t\t\t\t<\/div>\n\t\t\t\t<\/div>\n\t\t\t\t\t<\/div>\n\t\t\t\t<\/div>\n\t\t<div class=\"elementor-element elementor-element-635c6108 e-flex e-con-boxed elementor-invisible e-con e-parent\" data-id=\"635c6108\" data-element_type=\"container\" data-e-type=\"container\" data-settings=\"{&quot;animation&quot;:&quot;fadeInUp&quot;}\">\n\t\t\t\t\t<div class=\"e-con-inner\">\n\t\t\t\t<div class=\"elementor-element elementor-element-7b18b4e etheme-elementor-product-align-center elementor-widget elementor-widget-etheme_product_grid\" data-id=\"7b18b4e\" data-element_type=\"widget\" data-e-type=\"widget\" data-settings=\"{&quot;cols&quot;:&quot;3&quot;,&quot;cols_tablet&quot;:&quot;2&quot;,&quot;cols_mobile&quot;:&quot;1&quot;,&quot;query_type&quot;:&quot;all&quot;,&quot;navigation&quot;:&quot;none&quot;,&quot;cols_gap&quot;:{&quot;unit&quot;:&quot;px&quot;,&quot;size&quot;:&quot;&quot;,&quot;sizes&quot;:[]},&quot;cols_gap_tablet&quot;:{&quot;unit&quot;:&quot;px&quot;,&quot;size&quot;:&quot;&quot;,&quot;sizes&quot;:[]},&quot;cols_gap_mobile&quot;:{&quot;unit&quot;:&quot;px&quot;,&quot;size&quot;:&quot;&quot;,&quot;sizes&quot;:[]},&quot;rows_gap&quot;:{&quot;unit&quot;:&quot;px&quot;,&quot;size&quot;:&quot;&quot;,&quot;sizes&quot;:[]},&quot;rows_gap_tablet&quot;:{&quot;unit&quot;:&quot;px&quot;,&quot;size&quot;:&quot;&quot;,&quot;sizes&quot;:[]},&quot;rows_gap_mobile&quot;:{&quot;unit&quot;:&quot;px&quot;,&quot;size&quot;:&quot;&quot;,&quot;sizes&quot;:[]}}\" data-widget_type=\"etheme_product_grid.default\">\n\t\t\t\t<div class=\"elementor-widget-container\">\n\t\t\t\t\t<div class=\"etheme-product-grid\">\n\n        <div class=\"etheme-product-grid-item product type-product post-7625 status-publish first instock product_cat-all-products product_cat-carbohydrates has-post-thumbnail taxable shipping-taxable purchasable product-type-variable\">\n        <div class=\"etheme-product-grid-image\"><a href=\"https:\/\/immortalnutrition.eu\/pl\/produkt\/iso-xtd-400g\/\"><img loading=\"lazy\" decoding=\"async\" width=\"600\" height=\"600\" src=\"https:\/\/immortalnutrition.eu\/wp-content\/uploads\/xstore\/xstore-placeholder-10x10.png\" class=\"attachment-woocommerce_thumbnail size-woocommerce_thumbnail lazyload lazyload-simple et-lazyload-fadeIn\" alt=\"ISO XTD - 400G\" sizes=\"auto, (max-width: 600px) 100vw, 600px\" data-src=\"https:\/\/immortalnutrition.eu\/wp-content\/uploads\/2025\/01\/IMMORTAL-PL-ISO-XTD-lemon-and-mint-mockup-600x600.webp\" data-srcset=\"https:\/\/immortalnutrition.eu\/wp-content\/uploads\/2025\/01\/IMMORTAL-PL-ISO-XTD-lemon-and-mint-mockup-600x600.webp 600w, https:\/\/immortalnutrition.eu\/wp-content\/uploads\/2025\/01\/IMMORTAL-PL-ISO-XTD-lemon-and-mint-mockup-300x300.webp 300w, https:\/\/immortalnutrition.eu\/wp-content\/uploads\/2025\/01\/IMMORTAL-PL-ISO-XTD-lemon-and-mint-mockup-150x150.webp 150w, https:\/\/immortalnutrition.eu\/wp-content\/uploads\/2025\/01\/IMMORTAL-PL-ISO-XTD-lemon-and-mint-mockup-768x768.webp 768w, https:\/\/immortalnutrition.eu\/wp-content\/uploads\/2025\/01\/IMMORTAL-PL-ISO-XTD-lemon-and-mint-mockup-12x12.webp 12w, https:\/\/immortalnutrition.eu\/wp-content\/uploads\/2025\/01\/IMMORTAL-PL-ISO-XTD-lemon-and-mint-mockup-100x100.webp 100w, https:\/\/immortalnutrition.eu\/wp-content\/uploads\/2025\/01\/IMMORTAL-PL-ISO-XTD-lemon-and-mint-mockup-10x10.webp 10w, https:\/\/immortalnutrition.eu\/wp-content\/uploads\/2025\/01\/IMMORTAL-PL-ISO-XTD-lemon-and-mint-mockup.webp 1000w\" \/><\/a><\/div><div class=\"etheme-product-grid-content\"><h2 class=\"woocommerce-loop-product__title etheme-product-grid-title\"><a href=\"https:\/\/immortalnutrition.eu\/pl\/produkt\/iso-xtd-400g\/\">ISO XTD &#8211; 400G<\/a><\/h2>\n\t<span class=\"price\"><span class=\"woocommerce-Price-amount amount\"><bdi>19,00&nbsp;<span class=\"woocommerce-Price-currencySymbol\">\u20ac<\/span><\/bdi><\/span><\/span>\n<a href=\"https:\/\/immortalnutrition.eu\/pl\/produkt\/iso-xtd-400g\/\" aria-describedby=\"woocommerce_loop_add_to_cart_link_describedby_7625\" data-quantity=\"1\" class=\"button product_type_variable add_to_cart_button etheme-product-grid-button\" data-product_id=\"7625\" data-product_sku=\"\" aria-label=\"Wybierz opcje dla \u201eISO XTD - 400G\u201d\" rel=\"nofollow\" data-product_name=\"ISO XTD - 400G\" data-no-translation-aria-label=\"\"><span class=\"button-text\" data-no-translation=\"\" data-trp-gettext=\"\">Wybierz opcje<\/span><\/a>\t<span id=\"woocommerce_loop_add_to_cart_link_describedby_7625\" class=\"screen-reader-text\">\n\t\tTen produkt ma wiele wariant\u00f3w. Opcje mo\u017cna wybra\u0107 na stronie produktu\t<\/span>\n<\/div>        <\/div>\n        <\/div> <!-- .row -->\t\t\t\t<\/div>\n\t\t\t\t<\/div>\n\t\t\t\t\t<\/div>\n\t\t\t\t<\/div>\n\t\t<div class=\"elementor-element elementor-element-29eb4311 e-flex e-con-boxed e-con e-parent\" data-id=\"29eb4311\" data-element_type=\"container\" data-e-type=\"container\">\n\t\t\t\t\t<div class=\"e-con-inner\">\n\t\t\t\t<div class=\"elementor-element elementor-element-22a93108 elementor-invisible elementor-widget elementor-widget-text-editor\" data-id=\"22a93108\" data-element_type=\"widget\" data-e-type=\"widget\" data-settings=\"{&quot;_animation&quot;:&quot;bounceInUp&quot;}\" data-widget_type=\"text-editor.default\">\n\t\t\t\t<div class=\"elementor-widget-container\">\n\t\t\t\t\t\t\t\t\t<p>Optymalizuj sw\u00f3j trening i regeneracj\u0119 dzi\u0119ki specjalistycznym w\u0119glowodanom! Nasza gama W\u0119glowodan\u00f3w obejmuje r\u00f3\u017cnorodne opcje, kt\u00f3re odpowiadaj\u0105 na r\u00f3\u017cne potrzeby i preferencje. Od szybko wch\u0142aniaj\u0105cych si\u0119 prostych w\u0119glowodan\u00f3w, kt\u00f3re zapewniaj\u0105 natychmiastowy zastrzyk energii, po z\u0142o\u017cone w\u0119glowodany o przed\u0142u\u017conym uwalnianiu \u2013 nasze produkty wspieraj\u0105 wszystkie etapy Twojej rutyny treningowej. S\u0105 one korzystne nie tylko przed i po treningu, ale r\u00f3wnie\u017c jako suplement intra-workout, utrzymuj\u0105c wysokie poziomy energii. Dzi\u0119ki dost\u0119pnym opcjom w r\u00f3\u017cnych formach i smakach, \u0142atwo i przyjemnie w\u0142\u0105czysz te suplementy w\u0119glowodanowe do swojej diety. Skorzystaj z mocy specjalistycznych w\u0119glowodan\u00f3w w naszej ofercie i do\u015bwiadcz zwi\u0119kszonej energii, lepszej wytrzyma\u0142o\u015bci i szybszej regeneracji w swoich sportowych d\u0105\u017ceniach.<\/p>\t\t\t\t\t\t\t\t<\/div>\n\t\t\t\t<\/div>\n\t\t\t\t\t<\/div>\n\t\t\t\t<\/div>\n\t\t<div class=\"elementor-element elementor-element-26d930a2 e-flex e-con-boxed e-con e-parent\" data-id=\"26d930a2\" data-element_type=\"container\" data-e-type=\"container\">\n\t\t\t\t\t<div class=\"e-con-inner\">\n\t\t\t\t<div class=\"elementor-element elementor-element-703593f7 elementor-invisible elementor-widget elementor-widget-heading\" data-id=\"703593f7\" data-element_type=\"widget\" data-e-type=\"widget\" data-settings=\"{&quot;_animation&quot;:&quot;bounceInUp&quot;}\" data-widget_type=\"heading.default\">\n\t\t\t\t<div class=\"elementor-widget-container\">\n\t\t\t\t\t<h2 class=\"elementor-heading-title elementor-size-default\">Dlaczego warto wybra\u0107 w\u0119glowodany Immortal Nutrition?<\/h2>\t\t\t\t<\/div>\n\t\t\t\t<\/div>\n\t\t\t\t<div class=\"elementor-element elementor-element-2481b892 elementor-invisible elementor-widget elementor-widget-heading\" data-id=\"2481b892\" data-element_type=\"widget\" data-e-type=\"widget\" data-settings=\"{&quot;_animation&quot;:&quot;bounceInUp&quot;}\" data-widget_type=\"heading.default\">\n\t\t\t\t<div class=\"elementor-widget-container\">\n\t\t\t\t\t<h2 class=\"elementor-heading-title elementor-size-default\">Odblokuj niesko\u0144czon\u0105 energi\u0119 dzi\u0119ki naszym suplementom w\u0119glowodanowym<\/h2>\t\t\t\t<\/div>\n\t\t\t\t<\/div>\n\t\t\t\t<div class=\"elementor-element elementor-element-703fbda9 elementor-invisible elementor-widget elementor-widget-text-editor\" data-id=\"703fbda9\" data-element_type=\"widget\" data-e-type=\"widget\" data-settings=\"{&quot;_animation&quot;:&quot;bounceInUp&quot;}\" data-widget_type=\"text-editor.default\">\n\t\t\t\t<div class=\"elementor-widget-container\">\n\t\t\t\t\t\t\t\t\t<p>Odkryj nasze suplementy w\u0119glowodanowe \u2013 oferujemy szeroki wyb\u00f3r produkt\u00f3w, kt\u00f3re dostarczaj\u0105 energii i wspieraj\u0105 Twoj\u0105 wydajno\u015b\u0107 sportow\u0105. Idealne dla sportowc\u00f3w i entuzjast\u00f3w fitness, nasze w\u0119glowodany s\u0105 kluczowe w utrzymaniu wysokiego poziomu energii podczas trening\u00f3w i zawod\u00f3w. Nasze suplementy zosta\u0142y specjalnie opracowane, aby szybko uzupe\u0142nia\u0107 zapasy glikogenu, zapewniaj\u0105c Twoim mi\u0119\u015bniom odpowiednie paliwo zar\u00f3wno do trening\u00f3w wytrzyma\u0142o\u015bciowych, jak i intensywnych sesji si\u0142owych.<\/p>\t\t\t\t\t\t\t\t<\/div>\n\t\t\t\t<\/div>\n\t\t\t\t<div class=\"elementor-element elementor-element-c4ee5fc elementor-invisible elementor-widget elementor-widget-heading\" data-id=\"c4ee5fc\" data-element_type=\"widget\" data-e-type=\"widget\" data-settings=\"{&quot;_animation&quot;:&quot;bounceInUp&quot;}\" data-widget_type=\"heading.default\">\n\t\t\t\t<div class=\"elementor-widget-container\">\n\t\t\t\t\t<h2 class=\"elementor-heading-title elementor-size-default\">W\u0119glowodany: Klucz do lepszej wydajno\u015bci i szybszej regeneracji<\/h2>\t\t\t\t<\/div>\n\t\t\t\t<\/div>\n\t\t\t\t<div class=\"elementor-element elementor-element-573f3de5 elementor-invisible elementor-widget elementor-widget-text-editor\" data-id=\"573f3de5\" data-element_type=\"widget\" data-e-type=\"widget\" data-settings=\"{&quot;_animation&quot;:&quot;bounceInUp&quot;}\" data-widget_type=\"text-editor.default\">\n\t\t\t\t<div class=\"elementor-widget-container\">\n\t\t\t\t\t\t\t\t\t<p>Nasza oferta obejmuje rozwi\u0105zania na ka\u017cdy etap Twojego treningu. Od prostych w\u0119glowodan\u00f3w, kt\u00f3re dostarczaj\u0105 natychmiastowego zastrzyku energii, po z\u0142o\u017cone w\u0119glowodany, zapewniaj\u0105ce jej stopniowe uwalnianie \u2013 nasze produkty s\u0105 dostosowane do Twoich potrzeb energetycznych na ka\u017cdym etapie aktywno\u015bci fizycznej. W\u0142\u0105czenie suplement\u00f3w w\u0119glowodanowych do diety pomaga w utrzymaniu sta\u0142ego poziomu energii, poprawie wytrzyma\u0142o\u015bci oraz przyspieszeniu regeneracji po wysi\u0142ku. Niezale\u017cnie od tego, czy jeste\u015b biegaczem d\u0142ugodystansowym, kulturyst\u0105 czy bywalcem si\u0142owni, nasze w\u0119glowodany wspieraj\u0105 Twoj\u0105 wydajno\u015b\u0107 i regeneracj\u0119.<\/p>\t\t\t\t\t\t\t\t<\/div>\n\t\t\t\t<\/div>\n\t\t\t\t<div class=\"elementor-element elementor-element-30c3412 elementor-invisible elementor-widget elementor-widget-heading\" data-id=\"30c3412\" data-element_type=\"widget\" data-e-type=\"widget\" data-settings=\"{&quot;_animation&quot;:&quot;bounceInUp&quot;}\" data-widget_type=\"heading.default\">\n\t\t\t\t<div class=\"elementor-widget-container\">\n\t\t\t\t\t<h2 class=\"elementor-heading-title elementor-size-default\">R\u00f3\u017cnorodno\u015b\u0107 i wszechstronno\u015b\u0107 w\u0119glowodan\u00f3w<\/h2>\t\t\t\t<\/div>\n\t\t\t\t<\/div>\n\t\t\t\t<div class=\"elementor-element elementor-element-8d6fa0f elementor-invisible elementor-widget elementor-widget-text-editor\" data-id=\"8d6fa0f\" data-element_type=\"widget\" data-e-type=\"widget\" data-settings=\"{&quot;_animation&quot;:&quot;bounceInUp&quot;}\" data-widget_type=\"text-editor.default\">\n\t\t\t\t<div class=\"elementor-widget-container\">\n\t\t\t\t\t\t\t\t\t<p>Wiemy, jak wa\u017cna jest r\u00f3\u017cnorodno\u015b\u0107 i indywidualne preferencje w suplementacji sportowej. Dlatego nasza kategoria W\u0119glowodany oferuje szeroki wyb\u00f3r produkt\u00f3w w r\u00f3\u017cnych formach i smakach. Dzi\u0119ki tej wszechstronno\u015bci z \u0142atwo\u015bci\u0105 w\u0142\u0105czysz te kluczowe \u017ar\u00f3d\u0142a energii do swojej diety w spos\u00f3b, kt\u00f3ry najlepiej odpowiada Twojemu gustowi i stylowi \u017cycia.<\/p>\t\t\t\t\t\t\t\t<\/div>\n\t\t\t\t<\/div>\n\t\t\t\t<div class=\"elementor-element elementor-element-3319ba19 elementor-invisible elementor-widget elementor-widget-heading\" data-id=\"3319ba19\" data-element_type=\"widget\" data-e-type=\"widget\" data-settings=\"{&quot;_animation&quot;:&quot;bounceInUp&quot;}\" data-widget_type=\"heading.default\">\n\t\t\t\t<div class=\"elementor-widget-container\">\n\t\t\t\t\t<h2 class=\"elementor-heading-title elementor-size-default\">Optymalizuj sw\u00f3j trening dzi\u0119ki wysokiej jako\u015bci w\u0119glowodanom<\/h2>\t\t\t\t<\/div>\n\t\t\t\t<\/div>\n\t\t\t\t<div class=\"elementor-element elementor-element-76f926db elementor-invisible elementor-widget elementor-widget-text-editor\" data-id=\"76f926db\" data-element_type=\"widget\" data-e-type=\"widget\" data-settings=\"{&quot;_animation&quot;:&quot;bounceInUp&quot;}\" data-widget_type=\"text-editor.default\">\n\t\t\t\t<div class=\"elementor-widget-container\">\n\t\t\t\t\t\t\t\t\t<p>Jako\u015b\u0107 i skuteczno\u015b\u0107 to priorytety w naszych suplementach w\u0119glowodanowych. Ka\u017cdy produkt jest tworzony z najwy\u017cszej jako\u015bci sk\u0142adnik\u00f3w, aby dostarczy\u0107 Ci skuteczne i niezawodne \u017ar\u00f3d\u0142o energii. Wybieraj\u0105c w\u0119glowodany z naszej oferty, podejmujesz m\u0105dr\u0105 decyzj\u0119, dostarczaj\u0105c swojemu organizmowi najlepsze paliwo wspieraj\u0105ce Twoje cele treningowe i poprawiaj\u0105ce wydajno\u015b\u0107 sportow\u0105.<\/p>\t\t\t\t\t\t\t\t<\/div>\n\t\t\t\t<\/div>\n\t\t\t\t<div class=\"elementor-element elementor-element-6a816277 elementor-invisible elementor-widget elementor-widget-heading\" data-id=\"6a816277\" data-element_type=\"widget\" data-e-type=\"widget\" data-settings=\"{&quot;_animation&quot;:&quot;bounceInUp&quot;}\" data-widget_type=\"heading.default\">\n\t\t\t\t<div class=\"elementor-widget-container\">\n\t\t\t\t\t<h2 class=\"elementor-heading-title elementor-size-default\">Suplementy w\u0119glowodanowe zosta\u0142y stworzone, aby zaspokoi\u0107 potrzeby energetyczne sportowc\u00f3w na ka\u017cdym poziomie zaawansowania. S\u0105 kluczowe dla utrzymania sta\u0142ego poziomu energii, poprawy wydajno\u015bci treningowej i zapewnienia efektywnej regeneracji. Odkryj nasz\u0105 ofert\u0119 ju\u017c dzi\u015b i przekonaj si\u0119, jak wysokiej jako\u015bci suplementy w\u0119glowodanowe mog\u0105 wp\u0142yn\u0105\u0107 na Twoj\u0105 fitnessow\u0105 podr\u00f3\u017c.<\/h2>\t\t\t\t<\/div>\n\t\t\t\t<\/div>\n\t\t\t\t\t<\/div>\n\t\t\t\t<\/div>\n\t\t\t\t<\/div>","protected":false},"excerpt":{"rendered":"<p>CARBOHYDRATES CARBO-HYDRATES fuel for your muscle and brain Fuel Your Performance with Our Premium Carbohydrates Range! In our Carbohydrates category, you&#8217;ll find a selection of high-quality carbohydrate supplements, each formulated to provide the energy necessary for sustained high-level performance. These supplements are ideal for athletes, bodybuilders, and fitness enthusiasts looking to enhance their energy reserves during intensive workouts or endurance sports. Our carbohydrate products are carefully designed to replenish glycogen stores quickly, ensuring that your muscles have the energy they need when you need it. Whether you&#8217;re pushing through a tough training session, competing in a high-stakes event, or looking&#8230;<\/p>","protected":false},"author":1,"featured_media":0,"parent":0,"menu_order":0,"comment_status":"closed","ping_status":"closed","template":"","meta":{"_acf_changed":false,"inline_featured_image":false,"footnotes":""},"class_list":["post-8870","page","type-page","status-publish","hentry"],"acf":[],"_links":{"self":[{"href":"https:\/\/immortalnutrition.eu\/pl\/wp-json\/wp\/v2\/pages\/8870","targetHints":{"allow":["GET"]}}],"collection":[{"href":"https:\/\/immortalnutrition.eu\/pl\/wp-json\/wp\/v2\/pages"}],"about":[{"href":"https:\/\/immortalnutrition.eu\/pl\/wp-json\/wp\/v2\/types\/page"}],"author":[{"embeddable":true,"href":"https:\/\/immortalnutrition.eu\/pl\/wp-json\/wp\/v2\/users\/1"}],"replies":[{"embeddable":true,"href":"https:\/\/immortalnutrition.eu\/pl\/wp-json\/wp\/v2\/comments?post=8870"}],"version-history":[{"count":58,"href":"https:\/\/immortalnutrition.eu\/pl\/wp-json\/wp\/v2\/pages\/8870\/revisions"}],"predecessor-version":[{"id":11024,"href":"https:\/\/immortalnutrition.eu\/pl\/wp-json\/wp\/v2\/pages\/8870\/revisions\/11024"}],"wp:attachment":[{"href":"https:\/\/immortalnutrition.eu\/pl\/wp-json\/wp\/v2\/media?parent=8870"}],"curies":[{"name":"wp","href":"https:\/\/api.w.org\/{rel}","templated":true}]}}