{"id":8883,"date":"2025-03-05T11:53:39","date_gmt":"2025-03-05T11:53:39","guid":{"rendered":"https:\/\/immortalnutrition.eu\/?page_id=8883"},"modified":"2025-04-22T07:41:40","modified_gmt":"2025-04-22T07:41:40","slug":"fat-burners","status":"publish","type":"page","link":"https:\/\/immortalnutrition.eu\/pl\/fat-burners\/","title":{"rendered":"SPALACZE T\u0141USZCZU"},"content":{"rendered":"<div data-elementor-type=\"wp-page\" data-elementor-id=\"8883\" class=\"elementor elementor-8883\" data-elementor-post-type=\"page\">\n\t\t\t\t<div class=\"elementor-element elementor-element-b8eff0c e-con-full e-flex elementor-invisible e-con e-parent\" data-id=\"b8eff0c\" data-element_type=\"container\" data-e-type=\"container\" data-settings=\"{&quot;background_background&quot;:&quot;video&quot;,&quot;background_video_link&quot;:&quot;https:\\\/\\\/youtu.be\\\/bbUD8xePWko&quot;,&quot;background_play_on_mobile&quot;:&quot;yes&quot;,&quot;animation&quot;:&quot;fadeIn&quot;}\">\n\t\t<div class=\"elementor-background-video-container\">\n\t\t\t\t\t\t\t<div class=\"elementor-background-video-embed\" role=\"presentation\"><\/div>\n\t\t\t\t\t\t<\/div>\t\t<div class=\"elementor-element elementor-element-bb03ce8 elementor-widget elementor-widget-heading\" data-id=\"bb03ce8\" data-element_type=\"widget\" data-e-type=\"widget\" data-widget_type=\"heading.default\">\n\t\t\t\t<div class=\"elementor-widget-container\">\n\t\t\t\t\t<h1 class=\"elementor-heading-title elementor-size-default\">SPALACZE T\u0141USZCZU<\/h1>\t\t\t\t<\/div>\n\t\t\t\t<\/div>\n\t\t\t\t<div class=\"elementor-element elementor-element-dca3a1b elementor-widget elementor-widget-text-editor\" data-id=\"dca3a1b\" data-element_type=\"widget\" data-e-type=\"widget\" data-widget_type=\"text-editor.default\">\n\t\t\t\t<div class=\"elementor-widget-container\">\n\t\t\t\t\t\t\t\t\t<p>prze\u0142am swoje ograniczenia<\/p>\t\t\t\t\t\t\t\t<\/div>\n\t\t\t\t<\/div>\n\t\t\t\t<\/div>\n\t\t<div class=\"elementor-element elementor-element-5b6a3460 e-flex e-con-boxed e-con e-parent\" data-id=\"5b6a3460\" data-element_type=\"container\" data-e-type=\"container\">\n\t\t\t\t\t<div class=\"e-con-inner\">\n\t\t\t\t<div class=\"elementor-element elementor-element-23860e8 elementor-invisible elementor-widget elementor-widget-html\" data-id=\"23860e8\" data-element_type=\"widget\" data-e-type=\"widget\" data-settings=\"{&quot;_animation&quot;:&quot;fadeIn&quot;}\" data-widget_type=\"html.default\">\n\t\t\t\t<div class=\"elementor-widget-container\">\n\t\t\t\t\t<div class=\"top-tips-box\">\r\n  <div class=\"top-tips-icon\">\r\n    <img decoding=\"async\" src=\"https:\/\/immortalnutrition.eu\/wp-content\/uploads\/2025\/04\/school_13676828.svg\" alt=\"Ikona szko\u0142y\" class=\"top-tips-img-icon\" \/>\r\n  <\/div>\r\n  <div class=\"top-tips-content\">\r\n    <p>Wzmocnij swoj\u0105 drog\u0119 do redukcji wagi dzi\u0119ki naszej gamie spalaczy t\u0142uszczu! Nasza starannie wyselekcjonowana kategoria Spalacze t\u0142uszczu zosta\u0142a stworzona z my\u015bl\u0105 o osobach d\u0105\u017c\u0105cych do utraty wagi. Oferujemy szerok\u0105 gam\u0119 suplement\u00f3w zaprojektowanych tak, aby optymalizowa\u0107 metabolizm t\u0142uszcz\u00f3w i zwi\u0119ksza\u0107 wydatek energetyczny. Ka\u017cdy produkt w naszej kolekcji zawiera kluczowe sk\u0142adniki o udowodnionych w\u0142a\u015bciwo\u015bciach spalaj\u0105cych t\u0142uszcz, takie jak L-karnityna, ekstrakt z zielonej herbaty, kofeina i inne zwi\u0105zki termogeniczne. Te sk\u0142adniki dzia\u0142aj\u0105 synergicznie, aby zwi\u0119kszy\u0107 zdolno\u015b\u0107 organizmu do spalania t\u0142uszczu, przyspieszy\u0107 metabolizm i podnie\u015b\u0107 poziom energii, czyni\u0105c je niezb\u0119dnym elementem skutecznego planu zarz\u0105dzania wag\u0105. Idealne dla os\u00f3b chc\u0105cych pozby\u0107 si\u0119 zb\u0119dnych kilogram\u00f3w, nasze spalacze t\u0142uszczu pomagaj\u0105 przyspieszy\u0107 proces redukcji tkanki t\u0142uszczowej, jednocze\u015bnie utrzymuj\u0105c wysoki poziom energii i skupienia, co sprawia, \u017ce osi\u0105ganie cel\u00f3w fitness staje si\u0119 \u0142atwiejsze i bardziej efektywne.<\/p>\r\n  <\/div>\r\n<\/div>\t\t\t\t<\/div>\n\t\t\t\t<\/div>\n\t\t\t\t\t<\/div>\n\t\t\t\t<\/div>\n\t\t<div class=\"elementor-element elementor-element-5b575dd6 e-flex e-con-boxed elementor-invisible e-con e-parent\" data-id=\"5b575dd6\" data-element_type=\"container\" data-e-type=\"container\" data-settings=\"{&quot;animation&quot;:&quot;fadeInUp&quot;}\">\n\t\t\t\t\t<div class=\"e-con-inner\">\n\t\t\t\t<div class=\"elementor-element elementor-element-cb5848f etheme-elementor-product-align-center elementor-widget elementor-widget-etheme_product_grid\" data-id=\"cb5848f\" data-element_type=\"widget\" data-e-type=\"widget\" data-settings=\"{&quot;cols&quot;:&quot;3&quot;,&quot;cols_tablet&quot;:&quot;2&quot;,&quot;cols_mobile&quot;:&quot;1&quot;,&quot;query_type&quot;:&quot;all&quot;,&quot;navigation&quot;:&quot;none&quot;,&quot;cols_gap&quot;:{&quot;unit&quot;:&quot;px&quot;,&quot;size&quot;:&quot;&quot;,&quot;sizes&quot;:[]},&quot;cols_gap_tablet&quot;:{&quot;unit&quot;:&quot;px&quot;,&quot;size&quot;:&quot;&quot;,&quot;sizes&quot;:[]},&quot;cols_gap_mobile&quot;:{&quot;unit&quot;:&quot;px&quot;,&quot;size&quot;:&quot;&quot;,&quot;sizes&quot;:[]},&quot;rows_gap&quot;:{&quot;unit&quot;:&quot;px&quot;,&quot;size&quot;:&quot;&quot;,&quot;sizes&quot;:[]},&quot;rows_gap_tablet&quot;:{&quot;unit&quot;:&quot;px&quot;,&quot;size&quot;:&quot;&quot;,&quot;sizes&quot;:[]},&quot;rows_gap_mobile&quot;:{&quot;unit&quot;:&quot;px&quot;,&quot;size&quot;:&quot;&quot;,&quot;sizes&quot;:[]}}\" data-widget_type=\"etheme_product_grid.default\">\n\t\t\t\t<div class=\"elementor-widget-container\">\n\t\t\t\t\t<div class=\"etheme-product-grid\">\n\n        <div class=\"etheme-product-grid-item product type-product post-7466 status-publish first instock product_cat-all-products product_cat-fat-burners has-post-thumbnail taxable shipping-taxable purchasable product-type-simple\">\n        <div class=\"etheme-product-grid-image\"><a href=\"https:\/\/immortalnutrition.eu\/pl\/produkt\/cla-green-tea-90-caps\/\"><img loading=\"lazy\" decoding=\"async\" width=\"600\" height=\"600\" src=\"https:\/\/immortalnutrition.eu\/wp-content\/uploads\/xstore\/xstore-placeholder-10x10.png\" class=\"attachment-woocommerce_thumbnail size-woocommerce_thumbnail lazyload lazyload-simple et-lazyload-fadeIn\" alt=\"CLA + GREEN TEA - 90 CAPS.\" sizes=\"auto, (max-width: 600px) 100vw, 600px\" data-src=\"https:\/\/immortalnutrition.eu\/wp-content\/uploads\/2025\/01\/IMMORTAL-PL-CLA-Green-Tea-mockup-600x600.webp\" data-srcset=\"https:\/\/immortalnutrition.eu\/wp-content\/uploads\/2025\/01\/IMMORTAL-PL-CLA-Green-Tea-mockup-600x600.webp 600w, https:\/\/immortalnutrition.eu\/wp-content\/uploads\/2025\/01\/IMMORTAL-PL-CLA-Green-Tea-mockup-300x300.webp 300w, https:\/\/immortalnutrition.eu\/wp-content\/uploads\/2025\/01\/IMMORTAL-PL-CLA-Green-Tea-mockup-150x150.webp 150w, https:\/\/immortalnutrition.eu\/wp-content\/uploads\/2025\/01\/IMMORTAL-PL-CLA-Green-Tea-mockup-768x768.webp 768w, https:\/\/immortalnutrition.eu\/wp-content\/uploads\/2025\/01\/IMMORTAL-PL-CLA-Green-Tea-mockup-12x12.webp 12w, https:\/\/immortalnutrition.eu\/wp-content\/uploads\/2025\/01\/IMMORTAL-PL-CLA-Green-Tea-mockup-100x100.webp 100w, https:\/\/immortalnutrition.eu\/wp-content\/uploads\/2025\/01\/IMMORTAL-PL-CLA-Green-Tea-mockup-10x10.webp 10w, https:\/\/immortalnutrition.eu\/wp-content\/uploads\/2025\/01\/IMMORTAL-PL-CLA-Green-Tea-mockup.webp 1000w\" \/><\/a><\/div><div class=\"etheme-product-grid-content\"><h2 class=\"woocommerce-loop-product__title etheme-product-grid-title\"><a href=\"https:\/\/immortalnutrition.eu\/pl\/produkt\/cla-green-tea-90-caps\/\">CLA + GREEN TEA &#8211; 90 CAPS.<\/a><\/h2>\n\t<span class=\"price\"><span class=\"woocommerce-Price-amount amount\"><bdi>19,00&nbsp;<span class=\"woocommerce-Price-currencySymbol\">\u20ac<\/span><\/bdi><\/span><\/span>\n<a href=\"\/pl\/wp-json\/wp\/v2\/pages\/8883?add-to-cart=7466\" aria-describedby=\"woocommerce_loop_add_to_cart_link_describedby_7466\" data-quantity=\"1\" class=\"button product_type_simple add_to_cart_button ajax_add_to_cart etheme-product-grid-button\" data-product_id=\"7466\" data-product_sku=\"\" aria-label=\"Dodaj do koszyka: \u201eCLA + GREEN TEA - 90 CAPS.\u201d\" rel=\"nofollow\" data-success_message=\"\u201cCLA + GREEN TEA - 90 CAPS.\u201d zosta\u0142 dodany do twojego koszyka\" data-product_name=\"CLA + GREEN TEA - 90 CAPS.\" role=\"button\" data-no-translation-aria-label=\"\" data-no-translation-data-success_message=\"\"><span class=\"button-text\" data-no-translation=\"\" data-trp-gettext=\"\">Dodaj do koszyka<\/span><\/a>\t<span id=\"woocommerce_loop_add_to_cart_link_describedby_7466\" class=\"screen-reader-text\">\n\t\t\t<\/span>\n<\/div>        <\/div>\n                <div class=\"etheme-product-grid-item product type-product post-6466 status-publish instock product_cat-all-products product_cat-fat-burners has-post-thumbnail taxable shipping-taxable purchasable product-type-simple\">\n        <div class=\"etheme-product-grid-image\"><a href=\"https:\/\/immortalnutrition.eu\/pl\/produkt\/fat-burner-120-caps\/\"><img loading=\"lazy\" decoding=\"async\" width=\"600\" height=\"600\" src=\"https:\/\/immortalnutrition.eu\/wp-content\/uploads\/xstore\/xstore-placeholder-10x10.png\" class=\"attachment-woocommerce_thumbnail size-woocommerce_thumbnail lazyload lazyload-simple et-lazyload-fadeIn\" alt=\"FAT BURNER - 120 CAPS.\" sizes=\"auto, (max-width: 600px) 100vw, 600px\" data-src=\"https:\/\/immortalnutrition.eu\/wp-content\/uploads\/2025\/01\/IMMORTAL-PL-Fat-Burner-mockup-600x600.webp\" data-srcset=\"https:\/\/immortalnutrition.eu\/wp-content\/uploads\/2025\/01\/IMMORTAL-PL-Fat-Burner-mockup-600x600.webp 600w, https:\/\/immortalnutrition.eu\/wp-content\/uploads\/2025\/01\/IMMORTAL-PL-Fat-Burner-mockup-300x300.webp 300w, https:\/\/immortalnutrition.eu\/wp-content\/uploads\/2025\/01\/IMMORTAL-PL-Fat-Burner-mockup-150x150.webp 150w, https:\/\/immortalnutrition.eu\/wp-content\/uploads\/2025\/01\/IMMORTAL-PL-Fat-Burner-mockup-768x768.webp 768w, https:\/\/immortalnutrition.eu\/wp-content\/uploads\/2025\/01\/IMMORTAL-PL-Fat-Burner-mockup-12x12.webp 12w, https:\/\/immortalnutrition.eu\/wp-content\/uploads\/2025\/01\/IMMORTAL-PL-Fat-Burner-mockup-100x100.webp 100w, https:\/\/immortalnutrition.eu\/wp-content\/uploads\/2025\/01\/IMMORTAL-PL-Fat-Burner-mockup-10x10.webp 10w, https:\/\/immortalnutrition.eu\/wp-content\/uploads\/2025\/01\/IMMORTAL-PL-Fat-Burner-mockup.webp 1000w\" \/><\/a><\/div><div class=\"etheme-product-grid-content\"><h2 class=\"woocommerce-loop-product__title etheme-product-grid-title\"><a href=\"https:\/\/immortalnutrition.eu\/pl\/produkt\/fat-burner-120-caps\/\">FAT BURNER &#8211; 120 CAPS.<\/a><\/h2>\n\t<span class=\"price\"><span class=\"woocommerce-Price-amount amount\"><bdi>20,00&nbsp;<span class=\"woocommerce-Price-currencySymbol\">\u20ac<\/span><\/bdi><\/span><\/span>\n<a href=\"\/pl\/wp-json\/wp\/v2\/pages\/8883?add-to-cart=6466\" aria-describedby=\"woocommerce_loop_add_to_cart_link_describedby_6466\" data-quantity=\"1\" class=\"button product_type_simple add_to_cart_button ajax_add_to_cart etheme-product-grid-button\" data-product_id=\"6466\" data-product_sku=\"\" aria-label=\"Dodaj do koszyka: \u201eFAT BURNER - 120 CAPS.\u201d\" rel=\"nofollow\" data-success_message=\"\u201cFAT BURNER - 120 CAPS.\u201d zosta\u0142 dodany do twojego koszyka\" data-product_name=\"FAT BURNER - 120 CAPS.\" role=\"button\" data-no-translation-aria-label=\"\" data-no-translation-data-success_message=\"\"><span class=\"button-text\" data-no-translation=\"\" data-trp-gettext=\"\">Dodaj do koszyka<\/span><\/a>\t<span id=\"woocommerce_loop_add_to_cart_link_describedby_6466\" class=\"screen-reader-text\">\n\t\t\t<\/span>\n<\/div>        <\/div>\n                <div class=\"etheme-product-grid-item product type-product post-11091 status-publish last instock product_cat-all-products product_cat-fat-burners has-post-thumbnail taxable shipping-taxable purchasable product-type-simple\">\n        <div class=\"etheme-product-grid-image\"><a href=\"https:\/\/immortalnutrition.eu\/pl\/produkt\/fat-burner-limited-edition-120-caps\/\"><img loading=\"lazy\" decoding=\"async\" width=\"600\" height=\"600\" src=\"https:\/\/immortalnutrition.eu\/wp-content\/uploads\/xstore\/xstore-placeholder-10x10.png\" class=\"attachment-woocommerce_thumbnail size-woocommerce_thumbnail lazyload lazyload-simple et-lazyload-fadeIn\" alt=\"FAT BURNER LIMITED EDITION - 120 CAPS.\" sizes=\"auto, (max-width: 600px) 100vw, 600px\" data-src=\"https:\/\/immortalnutrition.eu\/wp-content\/uploads\/2025\/05\/IMMORTAL-PL-Fat-Burner-LIMITED-mockup-600x600.webp\" data-srcset=\"https:\/\/immortalnutrition.eu\/wp-content\/uploads\/2025\/05\/IMMORTAL-PL-Fat-Burner-LIMITED-mockup-600x600.webp 600w, https:\/\/immortalnutrition.eu\/wp-content\/uploads\/2025\/05\/IMMORTAL-PL-Fat-Burner-LIMITED-mockup-300x300.webp 300w, https:\/\/immortalnutrition.eu\/wp-content\/uploads\/2025\/05\/IMMORTAL-PL-Fat-Burner-LIMITED-mockup-150x150.webp 150w, https:\/\/immortalnutrition.eu\/wp-content\/uploads\/2025\/05\/IMMORTAL-PL-Fat-Burner-LIMITED-mockup-768x768.webp 768w, https:\/\/immortalnutrition.eu\/wp-content\/uploads\/2025\/05\/IMMORTAL-PL-Fat-Burner-LIMITED-mockup-12x12.webp 12w, https:\/\/immortalnutrition.eu\/wp-content\/uploads\/2025\/05\/IMMORTAL-PL-Fat-Burner-LIMITED-mockup-100x100.webp 100w, https:\/\/immortalnutrition.eu\/wp-content\/uploads\/2025\/05\/IMMORTAL-PL-Fat-Burner-LIMITED-mockup-10x10.webp 10w, https:\/\/immortalnutrition.eu\/wp-content\/uploads\/2025\/05\/IMMORTAL-PL-Fat-Burner-LIMITED-mockup.webp 1000w\" \/><\/a><\/div><div class=\"etheme-product-grid-content\"><h2 class=\"woocommerce-loop-product__title etheme-product-grid-title\"><a href=\"https:\/\/immortalnutrition.eu\/pl\/produkt\/fat-burner-limited-edition-120-caps\/\">FAT BURNER LIMITED EDITION &#8211; 120 CAPS.<\/a><\/h2>\n\t<span class=\"price\"><span class=\"woocommerce-Price-amount amount\"><bdi>30,00&nbsp;<span class=\"woocommerce-Price-currencySymbol\">\u20ac<\/span><\/bdi><\/span><\/span>\n<a href=\"\/pl\/wp-json\/wp\/v2\/pages\/8883?add-to-cart=11091\" aria-describedby=\"woocommerce_loop_add_to_cart_link_describedby_11091\" data-quantity=\"1\" class=\"button product_type_simple add_to_cart_button ajax_add_to_cart etheme-product-grid-button\" data-product_id=\"11091\" data-product_sku=\"\" aria-label=\"Dodaj do koszyka: \u201eFAT BURNER LIMITED EDITION - 120 CAPS.\u201d\" rel=\"nofollow\" data-success_message=\"\u201cFAT BURNER LIMITED EDITION - 120 CAPS.\u201d zosta\u0142 dodany do twojego koszyka\" data-product_name=\"FAT BURNER LIMITED EDITION - 120 CAPS.\" role=\"button\" data-no-translation-aria-label=\"\" data-no-translation-data-success_message=\"\"><span class=\"button-text\" data-no-translation=\"\" data-trp-gettext=\"\">Dodaj do koszyka<\/span><\/a>\t<span id=\"woocommerce_loop_add_to_cart_link_describedby_11091\" class=\"screen-reader-text\">\n\t\t\t<\/span>\n<\/div>        <\/div>\n        <\/div> <!-- .row -->\t\t\t\t<\/div>\n\t\t\t\t<\/div>\n\t\t\t\t\t<\/div>\n\t\t\t\t<\/div>\n\t\t<div class=\"elementor-element elementor-element-61ba0bb6 e-flex e-con-boxed e-con e-parent\" data-id=\"61ba0bb6\" data-element_type=\"container\" data-e-type=\"container\">\n\t\t\t\t\t<div class=\"e-con-inner\">\n\t\t\t\t<div class=\"elementor-element elementor-element-7a7af11a elementor-invisible elementor-widget elementor-widget-text-editor\" data-id=\"7a7af11a\" data-element_type=\"widget\" data-e-type=\"widget\" data-settings=\"{&quot;_animation&quot;:&quot;slideInUp&quot;}\" data-widget_type=\"text-editor.default\">\n\t\t\t\t<div class=\"elementor-widget-container\">\n\t\t\t\t\t\t\t\t\t<p>Zmaksymalizuj sw\u00f3j potencja\u0142 spalania t\u0142uszczu dzi\u0119ki zaawansowanym suplementom spalaj\u0105cym t\u0142uszcz! Nasza kategoria Spalacze t\u0142uszczu wykracza poza tradycyjne metody redukcji wagi, oferuj\u0105c suplementy, kt\u00f3re dzia\u0142aj\u0105 na r\u00f3\u017cnych aspektach utraty t\u0142uszczu. Produkty te zosta\u0142y zaprojektowane nie tylko w celu zwi\u0119kszenia spalania kalorii, ale tak\u017ce wspieraj\u0105 kontrol\u0119 apetytu, redukuj\u0105 zachcianki i poprawiaj\u0105 og\u00f3ln\u0105 kompozycj\u0119 cia\u0142a. Dzi\u0119ki opcjom zar\u00f3wno spalaczy t\u0142uszczu zawieraj\u0105cych stymulanty, jak i tych bez stymulant\u00f3w, nasza oferta dostosowana jest do r\u00f3\u017cnych preferencji i wra\u017cliwo\u015bci, zapewniaj\u0105c odpowiedni wyb\u00f3r dla ka\u017cdego. W\u0142\u0105czenie naszych spalaczy t\u0142uszczu do codziennej rutyny mo\u017ce prowadzi\u0107 do bardziej efektywnych wynik\u00f3w utraty wagi, pomagaj\u0105c pokona\u0107 stagnacj\u0119 i osi\u0105gn\u0105\u0107 szczuplejsz\u0105, bardziej wyrze\u017abion\u0105 sylwetk\u0119. Odkryj nasz\u0105 kategori\u0119 Spalacze t\u0142uszczu ju\u017c dzi\u015b i zr\u00f3b krok bli\u017cej do realizacji swoich cel\u00f3w redukcyjnych z pewno\u015bci\u0105 i \u0142atwo\u015bci\u0105.<\/p>\t\t\t\t\t\t\t\t<\/div>\n\t\t\t\t<\/div>\n\t\t\t\t\t<\/div>\n\t\t\t\t<\/div>\n\t\t<div class=\"elementor-element elementor-element-2ffb1f33 e-flex e-con-boxed e-con e-parent\" data-id=\"2ffb1f33\" data-element_type=\"container\" data-e-type=\"container\">\n\t\t\t\t\t<div class=\"e-con-inner\">\n\t\t\t\t<div class=\"elementor-element elementor-element-49039504 elementor-invisible elementor-widget elementor-widget-heading\" data-id=\"49039504\" data-element_type=\"widget\" data-e-type=\"widget\" data-settings=\"{&quot;_animation&quot;:&quot;bounceInUp&quot;}\" data-widget_type=\"heading.default\">\n\t\t\t\t<div class=\"elementor-widget-container\">\n\t\t\t\t\t<h2 class=\"elementor-heading-title elementor-size-default\">Dlaczego warto wybra\u0107 spalacze t\u0142uszczu marki Immortal Nutrition<\/h2>\t\t\t\t<\/div>\n\t\t\t\t<\/div>\n\t\t\t\t<div class=\"elementor-element elementor-element-76397a9d elementor-invisible elementor-widget elementor-widget-heading\" data-id=\"76397a9d\" data-element_type=\"widget\" data-e-type=\"widget\" data-settings=\"{&quot;_animation&quot;:&quot;bounceInUp&quot;}\" data-widget_type=\"heading.default\">\n\t\t\t\t<div class=\"elementor-widget-container\">\n\t\t\t\t\t<h2 class=\"elementor-heading-title elementor-size-default\">Maksymalizuj utrat\u0119 t\u0142uszczu dzi\u0119ki sprawdzonym sk\u0142adnikom<\/h2>\t\t\t\t<\/div>\n\t\t\t\t<\/div>\n\t\t\t\t<div class=\"elementor-element elementor-element-6dfca98f elementor-invisible elementor-widget elementor-widget-text-editor\" data-id=\"6dfca98f\" data-element_type=\"widget\" data-e-type=\"widget\" data-settings=\"{&quot;_animation&quot;:&quot;bounceInUp&quot;}\" data-widget_type=\"text-editor.default\">\n\t\t\t\t<div class=\"elementor-widget-container\">\n\t\t\t\t\t\t\t\t\t<p>Nasza gama spalaczy t\u0142uszczu zawiera suplementy bogate w sk\u0142adniki takie jak L-karnityna i ekstrakt z zielonej herbaty, znane ze swojej zdolno\u015bci do zwi\u0119kszania metabolizmu t\u0142uszcz\u00f3w. Sk\u0142adniki te aktywnie wspomagaj\u0105 rozk\u0142ad t\u0142uszczu, wzmacniaj\u0105c naturaln\u0105 zdolno\u015b\u0107 organizmu do skutecznej redukcji wagi.<\/p>\t\t\t\t\t\t\t\t<\/div>\n\t\t\t\t<\/div>\n\t\t\t\t<div class=\"elementor-element elementor-element-2eb589c1 elementor-invisible elementor-widget elementor-widget-heading\" data-id=\"2eb589c1\" data-element_type=\"widget\" data-e-type=\"widget\" data-settings=\"{&quot;_animation&quot;:&quot;bounceInUp&quot;}\" data-widget_type=\"heading.default\">\n\t\t\t\t<div class=\"elementor-widget-container\">\n\t\t\t\t\t<h2 class=\"elementor-heading-title elementor-size-default\">Dodaj energii swojej drodze do redukcji wagi<\/h2>\t\t\t\t<\/div>\n\t\t\t\t<\/div>\n\t\t\t\t<div class=\"elementor-element elementor-element-295c9406 elementor-invisible elementor-widget elementor-widget-text-editor\" data-id=\"295c9406\" data-element_type=\"widget\" data-e-type=\"widget\" data-settings=\"{&quot;_animation&quot;:&quot;bounceInUp&quot;}\" data-widget_type=\"text-editor.default\">\n\t\t\t\t<div class=\"elementor-widget-container\">\n\t\t\t\t\t\t\t\t\t<p>Po\u017cegnaj zm\u0119czenie cz\u0119sto towarzysz\u0105ce diecie. Nasze spalacze t\u0142uszczu zawieraj\u0105 sk\u0142adniki dodaj\u0105ce energii, takie jak kofeina, dzi\u0119ki czemu pozostajesz pe\u0142en energii i skoncentrowany nawet w dni o niskiej kaloryczno\u015bci, co sprawia, \u017ce proces odchudzania staje si\u0119 \u0142atwiejszy i przyjemniejszy.<\/p>\t\t\t\t\t\t\t\t<\/div>\n\t\t\t\t<\/div>\n\t\t\t\t<div class=\"elementor-element elementor-element-26a730f3 elementor-invisible elementor-widget elementor-widget-heading\" data-id=\"26a730f3\" data-element_type=\"widget\" data-e-type=\"widget\" data-settings=\"{&quot;_animation&quot;:&quot;bounceInUp&quot;}\" data-widget_type=\"heading.default\">\n\t\t\t\t<div class=\"elementor-widget-container\">\n\t\t\t\t\t<h2 class=\"elementor-heading-title elementor-size-default\">Kontrola apetytu dla lepszej utraty wagi<\/h2>\t\t\t\t<\/div>\n\t\t\t\t<\/div>\n\t\t\t\t<div class=\"elementor-element elementor-element-2d4c239c elementor-invisible elementor-widget elementor-widget-text-editor\" data-id=\"2d4c239c\" data-element_type=\"widget\" data-e-type=\"widget\" data-settings=\"{&quot;_animation&quot;:&quot;bounceInUp&quot;}\" data-widget_type=\"text-editor.default\">\n\t\t\t\t<div class=\"elementor-widget-container\">\n\t\t\t\t\t\t\t\t\t<p>Kontroluj swoje zachcianki i wielko\u015b\u0107 porcji z \u0142atwo\u015bci\u0105. Nasze suplementy spalaj\u0105ce t\u0142uszcz wspomagaj\u0105 kontrol\u0119 apetytu, ograniczaj\u0105c niepotrzebne podjadanie i przejadanie si\u0119, co jest kluczowe dla utrzymania konsekwentnego i skutecznego procesu odchudzania.<\/p>\t\t\t\t\t\t\t\t<\/div>\n\t\t\t\t<\/div>\n\t\t\t\t<div class=\"elementor-element elementor-element-4ccef6eb elementor-invisible elementor-widget elementor-widget-heading\" data-id=\"4ccef6eb\" data-element_type=\"widget\" data-e-type=\"widget\" data-settings=\"{&quot;_animation&quot;:&quot;bounceInUp&quot;}\" data-widget_type=\"heading.default\">\n\t\t\t\t<div class=\"elementor-widget-container\">\n\t\t\t\t\t<h2 class=\"elementor-heading-title elementor-size-default\">Dostosowane opcje dla ka\u017cdego: ze stymulantami i bez stymulant\u00f3w<\/h2>\t\t\t\t<\/div>\n\t\t\t\t<\/div>\n\t\t\t\t<div class=\"elementor-element elementor-element-2aa7a237 elementor-invisible elementor-widget elementor-widget-text-editor\" data-id=\"2aa7a237\" data-element_type=\"widget\" data-e-type=\"widget\" data-settings=\"{&quot;_animation&quot;:&quot;bounceInUp&quot;}\" data-widget_type=\"text-editor.default\">\n\t\t\t\t<div class=\"elementor-widget-container\">\n\t\t\t\t\t\t\t\t\t<p>Niezale\u017cnie od tego, czy preferujesz intensywny zastrzyk energii ze stymulantami, czy \u0142agodniejsze dzia\u0142anie wariant\u00f3w bez stymulant\u00f3w, nasza kategoria Spalacze t\u0142uszczu dostosowana jest do Twoich indywidualnych preferencji, zapewniaj\u0105c idealne dopasowanie do Twojego stylu \u017cycia i cel\u00f3w zwi\u0105zanych z redukcj\u0105 wagi.<\/p>\t\t\t\t\t\t\t\t<\/div>\n\t\t\t\t<\/div>\n\t\t\t\t<div class=\"elementor-element elementor-element-2f621a42 elementor-invisible elementor-widget elementor-widget-heading\" data-id=\"2f621a42\" data-element_type=\"widget\" data-e-type=\"widget\" data-settings=\"{&quot;_animation&quot;:&quot;bounceInUp&quot;}\" data-widget_type=\"heading.default\">\n\t\t\t\t<div class=\"elementor-widget-container\">\n\t\t\t\t\t<h2 class=\"elementor-heading-title elementor-size-default\">W\u0142\u0105czenie spalaczy t\u0142uszczu do swojej rutyny fitness mo\u017ce znacz\u0105co przyspieszy\u0107 drog\u0119 do osi\u0105gni\u0119cia idealnej sylwetki. Suplementy te zosta\u0142y opracowane w celu zwi\u0119kszenia metabolizmu, intensyfikacji spalania t\u0142uszczu oraz dostarczenia energii potrzebnej do utrzymania aktywnego trybu \u017cycia, nawet podczas diet o obni\u017conej kaloryczno\u015bci. Wspieraj\u0105 r\u00f3wnie\u017c kontrol\u0119 apetytu, pomagaj\u0105c ograniczy\u0107 zachcianki i kontrolowa\u0107 wielko\u015b\u0107 porcji, co jest kluczowe dla skutecznego zarz\u0105dzania wag\u0105. Optymalizuj\u0105c naturalne procesy spalania t\u0142uszczu i pomagaj\u0105c utrzyma\u0107 wysoki poziom energii, spalacze t\u0142uszczu mog\u0105 by\u0107 cennym wsparciem w Twoim planie treningowym i dietetycznym, pomagaj\u0105c Ci osi\u0105gn\u0105\u0107 szczuplejsz\u0105, bardziej wyrze\u017abion\u0105 sylwetk\u0119 w bardziej efektywny spos\u00f3b. Niezale\u017cnie od tego, czy chcesz zrzuci\u0107 kilka dodatkowych kilogram\u00f3w, czy d\u0105\u017cysz do kompletnej transformacji sylwetki, spalacze t\u0142uszczu stanowi\u0105 strategiczn\u0105 przewag\u0119 w realizacji Twoich cel\u00f3w fitness.<\/h2>\t\t\t\t<\/div>\n\t\t\t\t<\/div>\n\t\t\t\t\t<\/div>\n\t\t\t\t<\/div>\n\t\t\t\t<\/div>","protected":false},"excerpt":{"rendered":"<p>FAT BURNERS meltdown your weakness Enhance Your Weight Loss Journey with Our Premium Fat Burners Range! Our carefully selected Fat Burners category is tailored to support those on their weight loss journey, offering a range of supplements designed to optimize fat metabolism and increase energy expenditure. Each product in our collection is formulated with key ingredients known for their fat-burning properties, such as L-carnitine, green tea extract, caffeine, and other thermogenic compounds. These ingredients work synergistically to boost your body&#8217;s ability to burn fat, enhance overall metabolism, and increase energy levels, making them a vital addition to any weight management&#8230;<\/p>","protected":false},"author":1,"featured_media":0,"parent":0,"menu_order":0,"comment_status":"closed","ping_status":"closed","template":"","meta":{"_acf_changed":false,"inline_featured_image":false,"footnotes":""},"class_list":["post-8883","page","type-page","status-publish","hentry"],"acf":[],"_links":{"self":[{"href":"https:\/\/immortalnutrition.eu\/pl\/wp-json\/wp\/v2\/pages\/8883","targetHints":{"allow":["GET"]}}],"collection":[{"href":"https:\/\/immortalnutrition.eu\/pl\/wp-json\/wp\/v2\/pages"}],"about":[{"href":"https:\/\/immortalnutrition.eu\/pl\/wp-json\/wp\/v2\/types\/page"}],"author":[{"embeddable":true,"href":"https:\/\/immortalnutrition.eu\/pl\/wp-json\/wp\/v2\/users\/1"}],"replies":[{"embeddable":true,"href":"https:\/\/immortalnutrition.eu\/pl\/wp-json\/wp\/v2\/comments?post=8883"}],"version-history":[{"count":40,"href":"https:\/\/immortalnutrition.eu\/pl\/wp-json\/wp\/v2\/pages\/8883\/revisions"}],"predecessor-version":[{"id":11012,"href":"https:\/\/immortalnutrition.eu\/pl\/wp-json\/wp\/v2\/pages\/8883\/revisions\/11012"}],"wp:attachment":[{"href":"https:\/\/immortalnutrition.eu\/pl\/wp-json\/wp\/v2\/media?parent=8883"}],"curies":[{"name":"wp","href":"https:\/\/api.w.org\/{rel}","templated":true}]}}