{"id":6302,"date":"2025-01-03T08:38:06","date_gmt":"2025-01-03T08:38:06","guid":{"rendered":"https:\/\/immortalnutrition.eu\/?post_type=product&#038;p=6302"},"modified":"2026-04-14T19:24:16","modified_gmt":"2026-04-14T19:24:16","slug":"epic-omega-3-90-caps","status":"publish","type":"product","link":"https:\/\/immortalnutrition.eu\/pl\/produkt\/epic-omega-3-90-caps\/","title":{"rendered":"EPIC OMEGA-3 &#8211; 90 CAPS."},"content":{"rendered":"<p><strong>Epic Omega-3<\/strong> provides a balanced daily dose of <strong>1000 mg of fish oil<\/strong> containing <strong>180 mg of EPA<\/strong> and <strong>120 mg of DHA<\/strong>, essential omega-3 fatty acids known for supporting heart health, brain function, and joint mobility. Enriched with vitamin E for antioxidant protection, this formula is ideal for anyone looking to support overall wellness, reduce inflammation, and promote long-term cardiovascular and cognitive health.<\/p>","protected":false},"excerpt":{"rendered":"<p>Epic Omega-3 to wysokiej jako\u015bci suplement, kt\u00f3ry dostarcza bogate \u017ar\u00f3d\u0142o oleju rybnego, zawieraj\u0105cego 18% EPA (kwasu eikozapentaenowego) oraz 12% DHA (kwasu dokozaheksaenowego). Te kwasy t\u0142uszczowe omega-3 s\u0105 kluczowe dla utrzymania zdrowia sercowo-naczyniowego, wspierania funkcji m\u00f3zgu oraz promowania zdrowia staw\u00f3w.<\/p>","protected":false},"featured_media":11576,"comment_status":"open","ping_status":"closed","template":"","meta":{"_acf_changed":false,"inline_featured_image":false},"etheme_brands":[{"term_id":514,"name":"Immortal Nutrition","slug":"immortal-nutrition","term_group":0,"term_taxonomy_id":514,"taxonomy":"brand","description":"","parent":0,"count":53,"filter":"raw"}],"product_brand":[],"product_cat":[412,31],"product_tag":[],"class_list":{"0":"post-6302","1":"product","2":"type-product","3":"status-publish","4":"has-post-thumbnail","6":"brand-immortal-nutrition","7":"product_cat-all-products","8":"product_cat-general-health","10":"first","11":"instock","12":"taxable","13":"shipping-taxable","14":"purchasable","15":"product-type-simple"},"acf":[],"_links":{"self":[{"href":"https:\/\/immortalnutrition.eu\/pl\/wp-json\/wp\/v2\/product\/6302","targetHints":{"allow":["GET"]}}],"collection":[{"href":"https:\/\/immortalnutrition.eu\/pl\/wp-json\/wp\/v2\/product"}],"about":[{"href":"https:\/\/immortalnutrition.eu\/pl\/wp-json\/wp\/v2\/types\/product"}],"replies":[{"embeddable":true,"href":"https:\/\/immortalnutrition.eu\/pl\/wp-json\/wp\/v2\/comments?post=6302"}],"version-history":[{"count":31,"href":"https:\/\/immortalnutrition.eu\/pl\/wp-json\/wp\/v2\/product\/6302\/revisions"}],"predecessor-version":[{"id":11508,"href":"https:\/\/immortalnutrition.eu\/pl\/wp-json\/wp\/v2\/product\/6302\/revisions\/11508"}],"wp:featuredmedia":[{"embeddable":true,"href":"https:\/\/immortalnutrition.eu\/pl\/wp-json\/wp\/v2\/media\/11576"}],"wp:attachment":[{"href":"https:\/\/immortalnutrition.eu\/pl\/wp-json\/wp\/v2\/media?parent=6302"}],"wp:term":[{"taxonomy":"brand","embeddable":true,"href":"https:\/\/immortalnutrition.eu\/pl\/wp-json\/wp\/v2\/etheme_brands?post=6302"},{"taxonomy":"product_brand","embeddable":true,"href":"https:\/\/immortalnutrition.eu\/pl\/wp-json\/wp\/v2\/product_brand?post=6302"},{"taxonomy":"product_cat","embeddable":true,"href":"https:\/\/immortalnutrition.eu\/pl\/wp-json\/wp\/v2\/product_cat?post=6302"},{"taxonomy":"product_tag","embeddable":true,"href":"https:\/\/immortalnutrition.eu\/pl\/wp-json\/wp\/v2\/product_tag?post=6302"}],"curies":[{"name":"wp","href":"https:\/\/api.w.org\/{rel}","templated":true}]}}