{"id":6378,"date":"2025-01-07T07:24:20","date_gmt":"2025-01-07T07:24:20","guid":{"rendered":"https:\/\/immortalnutrition.eu\/?post_type=product&#038;p=6378"},"modified":"2026-04-16T11:57:31","modified_gmt":"2026-04-16T11:57:31","slug":"zmb-90-caps","status":"publish","type":"product","link":"https:\/\/immortalnutrition.eu\/pl\/produkt\/zmb-90-caps\/","title":{"rendered":"ZMB \u2013 90 CAPS."},"content":{"rendered":"<p><strong>ZMB<\/strong> is a recovery-focused mineral and vitamin complex combining magnesium, zinc, vitamin B6, and vitamin B12 to support muscle function, nervous system balance, and deep, restful sleep. This blend is designed for physically active individuals to help reduce fatigue, promote recovery, and maintain healthy testosterone levels and immune defense. With highly bioavailable forms of minerals and no unnecessary fillers, ZMB is your go-to evening support for regeneration and hormonal balance.<\/p>","protected":false},"excerpt":{"rendered":"<p>ZMB to zaawansowana formu\u0142a zaprojektowana w celu wspierania regeneracji, jako\u015bci snu i r\u00f3wnowagi hormonalnej. Ten pot\u0119\u017cny suplement \u0142\u0105czy wysoko biodost\u0119pne formy magnezu, cynku i witaminy B6, wraz z witamin\u0105 B12, co czyni go jednym z najsilniejszych produkt\u00f3w typu ZMA na rynku.<\/p>","protected":false},"featured_media":11718,"comment_status":"open","ping_status":"closed","template":"","meta":{"_acf_changed":false,"inline_featured_image":false},"etheme_brands":[{"term_id":514,"name":"Immortal Nutrition","slug":"immortal-nutrition","term_group":0,"term_taxonomy_id":514,"taxonomy":"brand","description":"","parent":0,"count":54,"filter":"raw"}],"product_brand":[],"product_cat":[412,31,280],"product_tag":[],"class_list":{"0":"post-6378","1":"product","2":"type-product","3":"status-publish","4":"has-post-thumbnail","6":"brand-immortal-nutrition","7":"product_cat-all-products","8":"product_cat-general-health","9":"product_cat-vitamins-and-minerals","11":"first","12":"instock","13":"taxable","14":"shipping-taxable","15":"purchasable","16":"product-type-simple"},"acf":[],"_links":{"self":[{"href":"https:\/\/immortalnutrition.eu\/pl\/wp-json\/wp\/v2\/product\/6378","targetHints":{"allow":["GET"]}}],"collection":[{"href":"https:\/\/immortalnutrition.eu\/pl\/wp-json\/wp\/v2\/product"}],"about":[{"href":"https:\/\/immortalnutrition.eu\/pl\/wp-json\/wp\/v2\/types\/product"}],"replies":[{"embeddable":true,"href":"https:\/\/immortalnutrition.eu\/pl\/wp-json\/wp\/v2\/comments?post=6378"}],"version-history":[{"count":27,"href":"https:\/\/immortalnutrition.eu\/pl\/wp-json\/wp\/v2\/product\/6378\/revisions"}],"predecessor-version":[{"id":11495,"href":"https:\/\/immortalnutrition.eu\/pl\/wp-json\/wp\/v2\/product\/6378\/revisions\/11495"}],"wp:featuredmedia":[{"embeddable":true,"href":"https:\/\/immortalnutrition.eu\/pl\/wp-json\/wp\/v2\/media\/11718"}],"wp:attachment":[{"href":"https:\/\/immortalnutrition.eu\/pl\/wp-json\/wp\/v2\/media?parent=6378"}],"wp:term":[{"taxonomy":"brand","embeddable":true,"href":"https:\/\/immortalnutrition.eu\/pl\/wp-json\/wp\/v2\/etheme_brands?post=6378"},{"taxonomy":"product_brand","embeddable":true,"href":"https:\/\/immortalnutrition.eu\/pl\/wp-json\/wp\/v2\/product_brand?post=6378"},{"taxonomy":"product_cat","embeddable":true,"href":"https:\/\/immortalnutrition.eu\/pl\/wp-json\/wp\/v2\/product_cat?post=6378"},{"taxonomy":"product_tag","embeddable":true,"href":"https:\/\/immortalnutrition.eu\/pl\/wp-json\/wp\/v2\/product_tag?post=6378"}],"curies":[{"name":"wp","href":"https:\/\/api.w.org\/{rel}","templated":true}]}}