{"id":6876,"date":"2025-01-09T07:20:33","date_gmt":"2025-01-09T07:20:33","guid":{"rendered":"https:\/\/immortalnutrition.eu\/?post_type=product&#038;p=6876"},"modified":"2026-04-24T10:16:38","modified_gmt":"2026-04-24T10:16:38","slug":"bcaa-g-500g","status":"publish","type":"product","link":"https:\/\/immortalnutrition.eu\/pl\/produkt\/bcaa-g-500g\/","title":{"rendered":"BCAA G+ &#8211; 500G"},"content":{"rendered":"<p><strong>BCAA G+<\/strong> is an advanced intra-workout and recovery blend that combines <strong>4000 mg of BCAAs<\/strong> in the ideal <strong>2:1:1 ratio<\/strong> with <strong>1800 mg of L-glutamine<\/strong> for enhanced muscle repair, endurance, and protection against breakdown. This formula helps reduce fatigue, fuel performance, and accelerate post-workout recovery. Perfect for athletes who want more than just BCAAs, BCAA G+ provides additional support for immune function and muscle regeneration &#8211; all with a great taste and zero sugar.<\/p>","protected":false},"excerpt":{"rendered":"<p>BCAA G+ to suplement diety, kt\u00f3ry \u0142\u0105czy korzy\u015bci wspieraj\u0105ce mi\u0119\u015bnie z rozga\u0142\u0119zionymi aminokwasami (BCAA) z dodatkowymi w\u0142a\u015bciwo\u015bciami glutaminy. Ta unikalna formu\u0142a zosta\u0142a zaprojektowana z my\u015bl\u0105 o pomocy sportowcom i entuzjastom fitnessu w d\u0105\u017ceniu do optymalnej wydolno\u015bci i regeneracji.<\/p>","protected":false},"featured_media":11585,"comment_status":"open","ping_status":"closed","template":"","meta":{"_acf_changed":false,"inline_featured_image":false},"etheme_brands":[{"term_id":514,"name":"Immortal Nutrition","slug":"immortal-nutrition","term_group":0,"term_taxonomy_id":514,"taxonomy":"brand","description":"","parent":0,"count":54,"filter":"raw"}],"product_brand":[],"product_cat":[412,28],"product_tag":[],"class_list":{"0":"post-6876","1":"product","2":"type-product","3":"status-publish","4":"has-post-thumbnail","6":"brand-immortal-nutrition","7":"product_cat-all-products","8":"product_cat-amino-acids","10":"first","11":"instock","12":"taxable","13":"shipping-taxable","14":"purchasable","15":"product-type-variable"},"acf":[],"_links":{"self":[{"href":"https:\/\/immortalnutrition.eu\/pl\/wp-json\/wp\/v2\/product\/6876","targetHints":{"allow":["GET"]}}],"collection":[{"href":"https:\/\/immortalnutrition.eu\/pl\/wp-json\/wp\/v2\/product"}],"about":[{"href":"https:\/\/immortalnutrition.eu\/pl\/wp-json\/wp\/v2\/types\/product"}],"replies":[{"embeddable":true,"href":"https:\/\/immortalnutrition.eu\/pl\/wp-json\/wp\/v2\/comments?post=6876"}],"version-history":[{"count":22,"href":"https:\/\/immortalnutrition.eu\/pl\/wp-json\/wp\/v2\/product\/6876\/revisions"}],"predecessor-version":[{"id":11478,"href":"https:\/\/immortalnutrition.eu\/pl\/wp-json\/wp\/v2\/product\/6876\/revisions\/11478"}],"wp:featuredmedia":[{"embeddable":true,"href":"https:\/\/immortalnutrition.eu\/pl\/wp-json\/wp\/v2\/media\/11585"}],"wp:attachment":[{"href":"https:\/\/immortalnutrition.eu\/pl\/wp-json\/wp\/v2\/media?parent=6876"}],"wp:term":[{"taxonomy":"brand","embeddable":true,"href":"https:\/\/immortalnutrition.eu\/pl\/wp-json\/wp\/v2\/etheme_brands?post=6876"},{"taxonomy":"product_brand","embeddable":true,"href":"https:\/\/immortalnutrition.eu\/pl\/wp-json\/wp\/v2\/product_brand?post=6876"},{"taxonomy":"product_cat","embeddable":true,"href":"https:\/\/immortalnutrition.eu\/pl\/wp-json\/wp\/v2\/product_cat?post=6876"},{"taxonomy":"product_tag","embeddable":true,"href":"https:\/\/immortalnutrition.eu\/pl\/wp-json\/wp\/v2\/product_tag?post=6876"}],"curies":[{"name":"wp","href":"https:\/\/api.w.org\/{rel}","templated":true}]}}