{"id":6926,"date":"2025-01-09T08:49:40","date_gmt":"2025-01-09T08:49:40","guid":{"rendered":"https:\/\/immortalnutrition.eu\/?post_type=product&#038;p=6926"},"modified":"2026-04-15T06:01:24","modified_gmt":"2026-04-15T06:01:24","slug":"citrulline-malate-400g","status":"publish","type":"product","link":"https:\/\/immortalnutrition.eu\/pl\/produkt\/citrulline-malate-400g\/","title":{"rendered":"CITRULLINE MALATE &#8211; 400G"},"content":{"rendered":"<p><strong>Citrulline Malate<\/strong> is a high-potency nitric oxide booster delivering nearly <strong>5000 mg of citrulline malate <\/strong>per serving, including over <strong>3400 mg of pure L-citrulline<\/strong>. This powerful compound supports blood flow, muscle pump, and endurance, making it a favorite among athletes and lifters. Enriched with <strong>vitamin B6<\/strong>, it also supports amino acid metabolism and reduces fatigue. Whether used solo or as part of your pre-workout stack, <strong>Citrulline Malate<\/strong> helps you train harder and recover faste-naturally and effectively.<\/p>","protected":false},"excerpt":{"rendered":"<p>Citrulline Malate to suplement diety, kt\u00f3ry \u0142\u0105czy aminokwas L-cytrulin\u0119 z cz\u0105steczk\u0105 kwasu jab\u0142kowego. Ta pot\u0119\u017cna kombinacja zosta\u0142a zaprojektowana w celu poprawy wydolno\u015bci fizycznej i regeneracji. L-cytrulina jest znana ze swojej zdolno\u015bci do zwi\u0119kszania produkcji tlenku azotu w organizmie, co prowadzi do poprawy przep\u0142ywu krwi, zwi\u0119kszonego dostarczania tlenu i sk\u0142adnik\u00f3w od\u017cywczych do mi\u0119\u015bni oraz zwi\u0119kszonej wytrzyma\u0142o\u015bci.<\/p>","protected":false},"featured_media":11561,"comment_status":"open","ping_status":"closed","template":"","meta":{"_acf_changed":false,"inline_featured_image":false},"etheme_brands":[{"term_id":514,"name":"Immortal Nutrition","slug":"immortal-nutrition","term_group":0,"term_taxonomy_id":514,"taxonomy":"brand","description":"","parent":0,"count":53,"filter":"raw"}],"product_brand":[],"product_cat":[412,28,30],"product_tag":[],"class_list":{"0":"post-6926","1":"product","2":"type-product","3":"status-publish","4":"has-post-thumbnail","6":"brand-immortal-nutrition","7":"product_cat-all-products","8":"product_cat-amino-acids","9":"product_cat-pre-workouts","11":"first","12":"instock","13":"taxable","14":"shipping-taxable","15":"purchasable","16":"product-type-simple"},"acf":[],"_links":{"self":[{"href":"https:\/\/immortalnutrition.eu\/pl\/wp-json\/wp\/v2\/product\/6926","targetHints":{"allow":["GET"]}}],"collection":[{"href":"https:\/\/immortalnutrition.eu\/pl\/wp-json\/wp\/v2\/product"}],"about":[{"href":"https:\/\/immortalnutrition.eu\/pl\/wp-json\/wp\/v2\/types\/product"}],"replies":[{"embeddable":true,"href":"https:\/\/immortalnutrition.eu\/pl\/wp-json\/wp\/v2\/comments?post=6926"}],"version-history":[{"count":21,"href":"https:\/\/immortalnutrition.eu\/pl\/wp-json\/wp\/v2\/product\/6926\/revisions"}],"predecessor-version":[{"id":11435,"href":"https:\/\/immortalnutrition.eu\/pl\/wp-json\/wp\/v2\/product\/6926\/revisions\/11435"}],"wp:featuredmedia":[{"embeddable":true,"href":"https:\/\/immortalnutrition.eu\/pl\/wp-json\/wp\/v2\/media\/11561"}],"wp:attachment":[{"href":"https:\/\/immortalnutrition.eu\/pl\/wp-json\/wp\/v2\/media?parent=6926"}],"wp:term":[{"taxonomy":"brand","embeddable":true,"href":"https:\/\/immortalnutrition.eu\/pl\/wp-json\/wp\/v2\/etheme_brands?post=6926"},{"taxonomy":"product_brand","embeddable":true,"href":"https:\/\/immortalnutrition.eu\/pl\/wp-json\/wp\/v2\/product_brand?post=6926"},{"taxonomy":"product_cat","embeddable":true,"href":"https:\/\/immortalnutrition.eu\/pl\/wp-json\/wp\/v2\/product_cat?post=6926"},{"taxonomy":"product_tag","embeddable":true,"href":"https:\/\/immortalnutrition.eu\/pl\/wp-json\/wp\/v2\/product_tag?post=6926"}],"curies":[{"name":"wp","href":"https:\/\/api.w.org\/{rel}","templated":true}]}}