{"id":7108,"date":"2025-01-10T08:02:43","date_gmt":"2025-01-10T08:02:43","guid":{"rendered":"https:\/\/immortalnutrition.eu\/?post_type=product&#038;p=7108"},"modified":"2026-04-13T07:37:22","modified_gmt":"2026-04-13T07:37:22","slug":"shock-it-240g","status":"publish","type":"product","link":"https:\/\/immortalnutrition.eu\/pl\/produkt\/shock-it-240g\/","title":{"rendered":"SHOCK IT &#8211; 240G"},"content":{"rendered":"<p><strong>SHOCK IT<\/strong> is a multi-functional supplement that combines the power of adaptogenic herbs, amino acids, and cognitive enhancers to provide sustained energy, mental clarity, and endurance. Specifically crafted for those under increased physical and mental strain, this formula includes ingredients like taurine, acetyl-L-carnitine, and caffeine for energy, while zinc supports proper cognitive function. Enhanced with cayenne pepper and bitter orange extract, <strong>SHOCK IT<\/strong> also aids in metabolism and overall vitality, making it an essential companion for active lifestyles.<\/p>","protected":false},"excerpt":{"rendered":"<p>Zasil sw\u00f3j umys\u0142 i cia\u0142o dzi\u0119ki SHOCK IT, wysokowydajnemu suplementowi diety stworzonym z my\u015bl\u0105 o sportowcach i osobach stawiaj\u0105cych czo\u0142a intensywnym wyzwaniom fizycznym i psychicznym. Dzi\u0119ki unikalnej mieszance sk\u0142adnik\u00f3w pobudzaj\u0105cych i wspieraj\u0105cych funkcje poznawcze, SHOCK IT pomaga utrzyma\u0107 koncentracj\u0119, energi\u0119 i gotowo\u015b\u0107 do realizacji cel\u00f3w. Bogata w niezb\u0119dne witaminy, minera\u0142y oraz silne naturalne ekstrakty formu\u0142a zapewnia maksymaln\u0105 wydajno\u015b\u0107, niezale\u017cnie od wyzwania.<\/p>","protected":false},"featured_media":11554,"comment_status":"open","ping_status":"closed","template":"","meta":{"_acf_changed":false,"inline_featured_image":false},"etheme_brands":[{"term_id":514,"name":"Immortal Nutrition","slug":"immortal-nutrition","term_group":0,"term_taxonomy_id":514,"taxonomy":"brand","description":"","parent":0,"count":53,"filter":"raw"}],"product_brand":[],"product_cat":[412,30],"product_tag":[],"class_list":{"0":"post-7108","1":"product","2":"type-product","3":"status-publish","4":"has-post-thumbnail","6":"brand-immortal-nutrition","7":"product_cat-all-products","8":"product_cat-pre-workouts","10":"first","11":"instock","12":"taxable","13":"shipping-taxable","14":"purchasable","15":"product-type-variable"},"acf":[],"_links":{"self":[{"href":"https:\/\/immortalnutrition.eu\/pl\/wp-json\/wp\/v2\/product\/7108","targetHints":{"allow":["GET"]}}],"collection":[{"href":"https:\/\/immortalnutrition.eu\/pl\/wp-json\/wp\/v2\/product"}],"about":[{"href":"https:\/\/immortalnutrition.eu\/pl\/wp-json\/wp\/v2\/types\/product"}],"replies":[{"embeddable":true,"href":"https:\/\/immortalnutrition.eu\/pl\/wp-json\/wp\/v2\/comments?post=7108"}],"version-history":[{"count":19,"href":"https:\/\/immortalnutrition.eu\/pl\/wp-json\/wp\/v2\/product\/7108\/revisions"}],"predecessor-version":[{"id":11411,"href":"https:\/\/immortalnutrition.eu\/pl\/wp-json\/wp\/v2\/product\/7108\/revisions\/11411"}],"wp:featuredmedia":[{"embeddable":true,"href":"https:\/\/immortalnutrition.eu\/pl\/wp-json\/wp\/v2\/media\/11554"}],"wp:attachment":[{"href":"https:\/\/immortalnutrition.eu\/pl\/wp-json\/wp\/v2\/media?parent=7108"}],"wp:term":[{"taxonomy":"brand","embeddable":true,"href":"https:\/\/immortalnutrition.eu\/pl\/wp-json\/wp\/v2\/etheme_brands?post=7108"},{"taxonomy":"product_brand","embeddable":true,"href":"https:\/\/immortalnutrition.eu\/pl\/wp-json\/wp\/v2\/product_brand?post=7108"},{"taxonomy":"product_cat","embeddable":true,"href":"https:\/\/immortalnutrition.eu\/pl\/wp-json\/wp\/v2\/product_cat?post=7108"},{"taxonomy":"product_tag","embeddable":true,"href":"https:\/\/immortalnutrition.eu\/pl\/wp-json\/wp\/v2\/product_tag?post=7108"}],"curies":[{"name":"wp","href":"https:\/\/api.w.org\/{rel}","templated":true}]}}