{"id":7186,"date":"2025-01-13T10:38:19","date_gmt":"2025-01-13T10:38:19","guid":{"rendered":"https:\/\/immortalnutrition.eu\/?post_type=product&#038;p=7186"},"modified":"2026-04-13T09:11:40","modified_gmt":"2026-04-13T09:11:40","slug":"vitamin-c-1000-90-caps","status":"publish","type":"product","link":"https:\/\/immortalnutrition.eu\/pl\/produkt\/vitamin-c-1000-90-caps\/","title":{"rendered":"VITAMIN C 1000 &#8211; 90 CAPS."},"content":{"rendered":"<p><strong>Vitamin C 1000<\/strong> is a potent, one-a-day immune support formula delivering <strong>1000 mg of pure vitamin C<\/strong> (L-ascorbic acid) per capsule. Known for its antioxidant properties, vitamin C helps protect cells from oxidative stress, supports collagen formation, and contributes to the normal function of the immune system. Ideal for periods of increased physical activity, stress, or seasonal changes, Vitamin C 1000 is your daily dose of defense, recovery, and vitality.<\/p>","protected":false},"excerpt":{"rendered":"<p>Vitamin C 1000 to suplement diety zaprojektowany w celu dostarczenia wysokiej dawki witaminy C, z ka\u017cd\u0105 kapsu\u0142k\u0105 zawieraj\u0105c\u0105 1000 mg tego niezb\u0119dnego sk\u0142adnika od\u017cywczego. Ten silny antyoksydant jest niezb\u0119dny do wspierania zdrowia uk\u0142adu odporno\u015bciowego, pomagaj\u0105c w ochronie przed stresem \u015brodowiskowym oraz powszechnymi chorobami.<\/p>","protected":false},"featured_media":11717,"comment_status":"open","ping_status":"closed","template":"","meta":{"_acf_changed":false,"inline_featured_image":false},"etheme_brands":[{"term_id":514,"name":"Immortal Nutrition","slug":"immortal-nutrition","term_group":0,"term_taxonomy_id":514,"taxonomy":"brand","description":"","parent":0,"count":53,"filter":"raw"}],"product_brand":[],"product_cat":[412,280],"product_tag":[],"class_list":{"0":"post-7186","1":"product","2":"type-product","3":"status-publish","4":"has-post-thumbnail","6":"brand-immortal-nutrition","7":"product_cat-all-products","8":"product_cat-vitamins-and-minerals","10":"first","11":"instock","12":"taxable","13":"shipping-taxable","14":"purchasable","15":"product-type-simple"},"acf":[],"_links":{"self":[{"href":"https:\/\/immortalnutrition.eu\/pl\/wp-json\/wp\/v2\/product\/7186","targetHints":{"allow":["GET"]}}],"collection":[{"href":"https:\/\/immortalnutrition.eu\/pl\/wp-json\/wp\/v2\/product"}],"about":[{"href":"https:\/\/immortalnutrition.eu\/pl\/wp-json\/wp\/v2\/types\/product"}],"replies":[{"embeddable":true,"href":"https:\/\/immortalnutrition.eu\/pl\/wp-json\/wp\/v2\/comments?post=7186"}],"version-history":[{"count":14,"href":"https:\/\/immortalnutrition.eu\/pl\/wp-json\/wp\/v2\/product\/7186\/revisions"}],"predecessor-version":[{"id":11402,"href":"https:\/\/immortalnutrition.eu\/pl\/wp-json\/wp\/v2\/product\/7186\/revisions\/11402"}],"wp:featuredmedia":[{"embeddable":true,"href":"https:\/\/immortalnutrition.eu\/pl\/wp-json\/wp\/v2\/media\/11717"}],"wp:attachment":[{"href":"https:\/\/immortalnutrition.eu\/pl\/wp-json\/wp\/v2\/media?parent=7186"}],"wp:term":[{"taxonomy":"brand","embeddable":true,"href":"https:\/\/immortalnutrition.eu\/pl\/wp-json\/wp\/v2\/etheme_brands?post=7186"},{"taxonomy":"product_brand","embeddable":true,"href":"https:\/\/immortalnutrition.eu\/pl\/wp-json\/wp\/v2\/product_brand?post=7186"},{"taxonomy":"product_cat","embeddable":true,"href":"https:\/\/immortalnutrition.eu\/pl\/wp-json\/wp\/v2\/product_cat?post=7186"},{"taxonomy":"product_tag","embeddable":true,"href":"https:\/\/immortalnutrition.eu\/pl\/wp-json\/wp\/v2\/product_tag?post=7186"}],"curies":[{"name":"wp","href":"https:\/\/api.w.org\/{rel}","templated":true}]}}