{"id":7239,"date":"2025-01-13T12:15:21","date_gmt":"2025-01-13T12:15:21","guid":{"rendered":"https:\/\/immortalnutrition.eu\/?post_type=product&#038;p=7239"},"modified":"2026-04-17T20:28:27","modified_gmt":"2026-04-17T20:28:27","slug":"collagen-flex-400g","status":"publish","type":"product","link":"https:\/\/immortalnutrition.eu\/pl\/produkt\/collagen-flex-400g\/","title":{"rendered":"COLLAGEN FLEX &#8211; 400G"},"content":{"rendered":"<p><strong>Collagen Flex<\/strong> is a comprehensive joint and connective tissue support formula combining <strong>10000 mg<\/strong> of bovine collagen hydrolysate with MSM, glucosamine sulfate, hyaluronic acid, and vitamin C. This synergistic blend is designed to improve joint comfort, mobility, and skin elasticity, while supporting the natural regeneration of cartilage and connective tissue. With refreshing flavors and a formula built for active individuals, Collagen Flex is the ideal daily supplement for those who want to stay flexible, strong, and moving pain-free.<\/p>","protected":false},"excerpt":{"rendered":"<p>Collagen Flex to suplement diety zaprojektowany w celu wspierania zdrowia staw\u00f3w i sk\u00f3ry. Zawiera mieszank\u0119 wysokiej jako\u015bci sk\u0142adnik\u00f3w, w tym hydrolizowany kolagen bydl\u0119cy, kt\u00f3ry jest niezb\u0119dny do utrzymania i naprawy chrz\u0105stki, sk\u00f3ry i tkanek \u0142\u0105cznych.<\/p>","protected":false},"featured_media":11551,"comment_status":"open","ping_status":"closed","template":"","meta":{"_acf_changed":false,"inline_featured_image":false},"etheme_brands":[{"term_id":514,"name":"Immortal Nutrition","slug":"immortal-nutrition","term_group":0,"term_taxonomy_id":514,"taxonomy":"brand","description":"","parent":0,"count":54,"filter":"raw"}],"product_brand":[],"product_cat":[412,31],"product_tag":[],"class_list":{"0":"post-7239","1":"product","2":"type-product","3":"status-publish","4":"has-post-thumbnail","6":"brand-immortal-nutrition","7":"product_cat-all-products","8":"product_cat-general-health","10":"first","11":"instock","12":"taxable","13":"shipping-taxable","14":"purchasable","15":"product-type-variable"},"acf":[],"_links":{"self":[{"href":"https:\/\/immortalnutrition.eu\/pl\/wp-json\/wp\/v2\/product\/7239","targetHints":{"allow":["GET"]}}],"collection":[{"href":"https:\/\/immortalnutrition.eu\/pl\/wp-json\/wp\/v2\/product"}],"about":[{"href":"https:\/\/immortalnutrition.eu\/pl\/wp-json\/wp\/v2\/types\/product"}],"replies":[{"embeddable":true,"href":"https:\/\/immortalnutrition.eu\/pl\/wp-json\/wp\/v2\/comments?post=7239"}],"version-history":[{"count":25,"href":"https:\/\/immortalnutrition.eu\/pl\/wp-json\/wp\/v2\/product\/7239\/revisions"}],"predecessor-version":[{"id":11388,"href":"https:\/\/immortalnutrition.eu\/pl\/wp-json\/wp\/v2\/product\/7239\/revisions\/11388"}],"wp:featuredmedia":[{"embeddable":true,"href":"https:\/\/immortalnutrition.eu\/pl\/wp-json\/wp\/v2\/media\/11551"}],"wp:attachment":[{"href":"https:\/\/immortalnutrition.eu\/pl\/wp-json\/wp\/v2\/media?parent=7239"}],"wp:term":[{"taxonomy":"brand","embeddable":true,"href":"https:\/\/immortalnutrition.eu\/pl\/wp-json\/wp\/v2\/etheme_brands?post=7239"},{"taxonomy":"product_brand","embeddable":true,"href":"https:\/\/immortalnutrition.eu\/pl\/wp-json\/wp\/v2\/product_brand?post=7239"},{"taxonomy":"product_cat","embeddable":true,"href":"https:\/\/immortalnutrition.eu\/pl\/wp-json\/wp\/v2\/product_cat?post=7239"},{"taxonomy":"product_tag","embeddable":true,"href":"https:\/\/immortalnutrition.eu\/pl\/wp-json\/wp\/v2\/product_tag?post=7239"}],"curies":[{"name":"wp","href":"https:\/\/api.w.org\/{rel}","templated":true}]}}