{"id":7654,"date":"2025-01-16T08:08:44","date_gmt":"2025-01-16T08:08:44","guid":{"rendered":"https:\/\/immortalnutrition.eu\/?post_type=product&#038;p=7654"},"modified":"2026-04-18T08:31:20","modified_gmt":"2026-04-18T08:31:20","slug":"electro-xtd-200g","status":"publish","type":"product","link":"https:\/\/immortalnutrition.eu\/pl\/produkt\/electro-xtd-200g\/","title":{"rendered":"ELECTRO XTD \u2013 200G"},"content":{"rendered":"<p><strong>Electro XTD<\/strong> is a fast-acting electrolyte formula designed to restore hydration, support muscle function, and maintain energy levels during physical activity. Each serving provides a precise blend of sodium, potassium, magnesium, calcium, and chloride, along with vitamin C to reduce fatigue and oxidative stress. Ideal before, during, or after training, <strong>Electro XTD<\/strong> helps replenish essential minerals lost through sweat and keeps your body in balance &#8211; without added sugars or unnecessary fillers.<\/p>","protected":false},"excerpt":{"rendered":"<p>ELECTRO XTD to specjalnie opracowany proszek do napoju elektrolitowego, zaprojektowany w celu wspierania odpowiedniego nawodnienia, metabolizmu energetycznego i funkcji mi\u0119\u015bni. Z precyzyjnie dobran\u0105 mieszank\u0105 niezb\u0119dnych elektrolit\u00f3w oraz dodatkiem witaminy C, ten suplement pomaga uzupe\u0142ni\u0107 kluczowe minera\u0142y utracone podczas aktywno\u015bci fizycznej, zapewniaj\u0105c, \u017ce b\u0119dziesz w najlepszej formie. Wolny od zb\u0119dnych wype\u0142niaczy, ELECTRO XTD dostarcza czystego i skutecznego rozwi\u0105zania w celu utrzymania r\u00f3wnowagi i wydajno\u015bci organizmu.<\/p>","protected":false},"featured_media":11716,"comment_status":"open","ping_status":"closed","template":"","meta":{"_acf_changed":false,"inline_featured_image":false},"etheme_brands":[{"term_id":514,"name":"Immortal Nutrition","slug":"immortal-nutrition","term_group":0,"term_taxonomy_id":514,"taxonomy":"brand","description":"","parent":0,"count":54,"filter":"raw"}],"product_brand":[],"product_cat":[412,280],"product_tag":[],"class_list":{"0":"post-7654","1":"product","2":"type-product","3":"status-publish","4":"has-post-thumbnail","6":"brand-immortal-nutrition","7":"product_cat-all-products","8":"product_cat-vitamins-and-minerals","10":"first","11":"instock","12":"taxable","13":"shipping-taxable","14":"purchasable","15":"product-type-variable"},"acf":[],"_links":{"self":[{"href":"https:\/\/immortalnutrition.eu\/pl\/wp-json\/wp\/v2\/product\/7654","targetHints":{"allow":["GET"]}}],"collection":[{"href":"https:\/\/immortalnutrition.eu\/pl\/wp-json\/wp\/v2\/product"}],"about":[{"href":"https:\/\/immortalnutrition.eu\/pl\/wp-json\/wp\/v2\/types\/product"}],"replies":[{"embeddable":true,"href":"https:\/\/immortalnutrition.eu\/pl\/wp-json\/wp\/v2\/comments?post=7654"}],"version-history":[{"count":24,"href":"https:\/\/immortalnutrition.eu\/pl\/wp-json\/wp\/v2\/product\/7654\/revisions"}],"predecessor-version":[{"id":11719,"href":"https:\/\/immortalnutrition.eu\/pl\/wp-json\/wp\/v2\/product\/7654\/revisions\/11719"}],"wp:featuredmedia":[{"embeddable":true,"href":"https:\/\/immortalnutrition.eu\/pl\/wp-json\/wp\/v2\/media\/11716"}],"wp:attachment":[{"href":"https:\/\/immortalnutrition.eu\/pl\/wp-json\/wp\/v2\/media?parent=7654"}],"wp:term":[{"taxonomy":"brand","embeddable":true,"href":"https:\/\/immortalnutrition.eu\/pl\/wp-json\/wp\/v2\/etheme_brands?post=7654"},{"taxonomy":"product_brand","embeddable":true,"href":"https:\/\/immortalnutrition.eu\/pl\/wp-json\/wp\/v2\/product_brand?post=7654"},{"taxonomy":"product_cat","embeddable":true,"href":"https:\/\/immortalnutrition.eu\/pl\/wp-json\/wp\/v2\/product_cat?post=7654"},{"taxonomy":"product_tag","embeddable":true,"href":"https:\/\/immortalnutrition.eu\/pl\/wp-json\/wp\/v2\/product_tag?post=7654"}],"curies":[{"name":"wp","href":"https:\/\/api.w.org\/{rel}","templated":true}]}}